{"id":3,"date":"2025-08-26T22:46:00","date_gmt":"2025-08-26T22:46:00","guid":{"rendered":"http:\/\/avenue-dubai.com\/?page_id=3"},"modified":"2026-02-11T12:17:59","modified_gmt":"2026-02-11T12:17:59","slug":"privacy-policy-2","status":"publish","type":"page","link":"https:\/\/avenue-dubai.com\/it\/privacy-policy-2\/","title":{"rendered":"Informativa sulla privacy"},"content":{"rendered":"<h5 class=\"wp-block-heading\" data-start=\"322\" data-end=\"361\"><strong data-start=\"324\" data-end=\"359\">Informativa sulla privacy - L'Avenue Dubai<\/strong><\/h5>\n<p data-start=\"362\" data-end=\"396\"><strong data-start=\"362\" data-end=\"396\">Ultimo aggiornamento: 11 febbraio 2026<\/strong><\/p>\n<h6 data-start=\"398\" data-end=\"420\"><strong data-start=\"401\" data-end=\"420\">1. Introduzione<\/strong><\/h6>\n<p data-start=\"422\" data-end=\"672\">Come <strong data-start=\"425\" data-end=\"466\">Ristorante L'Avenue LLC<\/strong> (\u201cla Societ\u00e0\u201d), teniamo alla vostra privacy e alla sicurezza dei vostri dati personali. La presente Informativa sulla privacy spiega quali dati raccogliamo, come li utilizziamo e quali diritti avete in merito ai vostri dati personali.<\/p>\n<p data-start=\"674\" data-end=\"840\">La presente Informativa sulla privacy si applica solo a <strong data-start=\"710\" data-end=\"734\"><a href=\"https:\/\/avenue-dubai.com\/it\/\" target=\"_new\" rel=\"noopener\" data-start=\"712\" data-end=\"732\">www.avenue-dubai.com<\/a><\/strong> (il nostro sito web).<br data-start=\"749\" data-end=\"752\" \/>Se l'utente non \u00e8 d'accordo con la presente Informativa sulla privacy, \u00e8 pregato di interrompere l'utilizzo del nostro sito web.<\/p>\n<hr data-start=\"842\" data-end=\"845\" \/>\n<h6 data-start=\"847\" data-end=\"880\"><strong data-start=\"850\" data-end=\"880\">2. Link ad altri siti web<\/strong><\/h6>\n<p data-start=\"882\" data-end=\"1155\">Il nostro sito web pu\u00f2 contenere link a siti web di terzi. La presente Informativa sulla privacy non si applica a questi siti esterni.<br data-start=\"996\" data-end=\"999\" \/>Non siamo responsabili delle pratiche sulla privacy di terzi. Raccomandiamo di esaminare le loro politiche sulla privacy prima di condividere con loro qualsiasi dato personale.<\/p>\n<hr data-start=\"1157\" data-end=\"1160\" \/>\n<h6 data-start=\"1162\" data-end=\"1187\"><strong data-start=\"1165\" data-end=\"1187\">3. Dati raccolti<\/strong><\/h6>\n<p data-start=\"1189\" data-end=\"1313\">Quando interagite con il nostro sito web registrandosi, iscrivendosi, prenotando o contattandoci, potete fornire dati personali quali:<\/p>\n<p data-start=\"1317\" data-end=\"1340\">Nome, cognome<\/p>\n<p data-start=\"1343\" data-end=\"1358\">Indirizzo e-mail<\/p>\n<p data-start=\"1361\" data-end=\"1375\">Numero di telefono<\/p>\n<p data-start=\"1378\" data-end=\"1403\">Informazioni sulla prenotazione<\/p>\n<p data-start=\"1406\" data-end=\"1478\">Indirizzo IP (raccolto automaticamente per motivi di sicurezza e conformit\u00e0 legale)<\/p>\n<p data-start=\"1481\" data-end=\"1543\">Informazioni inviate tramite i nostri moduli di contatto o il link WhatsApp<\/p>\n<p data-start=\"1546\" data-end=\"1587\">Tutti i dati che condividete volontariamente con noi<\/p>\n<p data-start=\"1589\" data-end=\"1675\">Se sono abilitati acquisti online o prenotazioni che richiedono un pagamento, l'utente pu\u00f2 anche fornire:<\/p>\n<p data-start=\"1678\" data-end=\"1687\">Indirizzo<\/p>\n<p data-start=\"1690\" data-end=\"1707\">Dettagli di fatturazione<\/p>\n<p data-start=\"1710\" data-end=\"1762\">Informazioni sulla carta di credito o sulla banca (elaborate in modo sicuro)<\/p>\n<hr data-start=\"1764\" data-end=\"1767\" \/>\n<h6 data-start=\"1769\" data-end=\"1799\"><strong data-start=\"1772\" data-end=\"1799\">4. Come utilizziamo i vostri dati<\/strong><\/h6>\n<p data-start=\"1801\" data-end=\"1832\">Utilizziamo i dati da voi forniti per:<\/p>\n<p data-start=\"1836\" data-end=\"1888\">Creare e gestire il profilo dell'utente o della prenotazione<\/p>\n<p data-start=\"1891\" data-end=\"1941\">Elaborare le prenotazioni e fornire servizi di ristorazione<\/p>\n<p data-start=\"1944\" data-end=\"2000\">Contattare l'utente in merito a prenotazioni o assistenza clienti<\/p>\n<p data-start=\"2003\" data-end=\"2043\">Migliorare l'esperienza dell'utente sul nostro sito web<\/p>\n<p data-start=\"2046\" data-end=\"2117\">Inviare newsletter o comunicazioni di marketing (solo con il vostro consenso)<\/p>\n<p data-start=\"2120\" data-end=\"2161\">Emettere fatture o conferme di pagamento<\/p>\n<p data-start=\"2164\" data-end=\"2209\">Rispettare gli obblighi legali previsti dalla legge degli Emirati Arabi Uniti<\/p>\n<p data-start=\"2211\" data-end=\"2348\">La base giuridica del trattamento comprende il vostro consenso, l'esecuzione di un contratto, la conformit\u00e0 legale e i nostri legittimi interessi commerciali.<\/p>\n<p data-start=\"2350\" data-end=\"2483\">L'indirizzo IP dell'utente viene memorizzato esclusivamente per rispettare le normative vigenti negli Emirati Arabi Uniti in materia di comunicazioni elettroniche e sicurezza della piattaforma.<\/p>\n<hr data-start=\"2485\" data-end=\"2488\" \/>\n<h6 data-start=\"2490\" data-end=\"2526\"><strong data-start=\"2493\" data-end=\"2526\">5. Per quanto tempo conserviamo i vostri dati<\/strong><\/h6>\n<ul data-start=\"2528\" data-end=\"2869\">\n<li data-start=\"2528\" data-end=\"2654\">\n<p data-start=\"2530\" data-end=\"2654\"><strong data-start=\"2530\" data-end=\"2562\">Dati relativi all'account o alla prenotazione:<\/strong> conservati per tutto il tempo in cui il profilo rimane attivo o se necessario per motivi operativi\/legali.<\/p>\n<\/li>\n<li data-start=\"2655\" data-end=\"2716\">\n<p data-start=\"2657\" data-end=\"2716\"><strong data-start=\"2657\" data-end=\"2686\">Iscrizioni alla newsletter:<\/strong> conservati fino a quando non si annulla l'iscrizione.<\/p>\n<\/li>\n<li data-start=\"2717\" data-end=\"2757\">\n<p data-start=\"2719\" data-end=\"2757\"><strong data-start=\"2719\" data-end=\"2736\">Indirizzi IP:<\/strong> conservato per 1 anno.<\/p>\n<\/li>\n<li data-start=\"2758\" data-end=\"2869\">\n<p data-start=\"2760\" data-end=\"2869\"><strong data-start=\"2760\" data-end=\"2788\">Dati di pagamento o di fatturazione:<\/strong> conservati per la durata richiesta dagli obblighi di tenuta dei registri finanziari degli EAU.<\/p>\n<\/li>\n<\/ul>\n<hr data-start=\"2871\" data-end=\"2874\" \/>\n<h6 data-start=\"2876\" data-end=\"2906\"><strong data-start=\"2879\" data-end=\"2906\">6. Condivisione dei dati<\/strong><\/h6>\n<p data-start=\"2908\" data-end=\"2981\">Lo facciamo <strong data-start=\"2914\" data-end=\"2921\">non<\/strong> vendere o condividere i vostri dati personali con terzi, ad eccezione di:<\/p>\n<ul data-start=\"2983\" data-end=\"3229\">\n<li data-start=\"2983\" data-end=\"3076\">\n<p data-start=\"2985\" data-end=\"3076\">Quando \u00e8 necessario conformarsi a richieste vincolanti delle autorit\u00e0 degli EAU, dei tribunali o delle autorit\u00e0 di regolamentazione.<\/p>\n<\/li>\n<li data-start=\"3077\" data-end=\"3229\">\n<p data-start=\"3079\" data-end=\"3229\">Quando necessario per i fornitori di servizi che svolgono compiti operativi per nostro conto (IT, hosting, processori di pagamento), in base agli obblighi di riservatezza<\/p>\n<\/li>\n<\/ul>\n<hr data-start=\"3231\" data-end=\"3234\" \/>\n<h6 data-start=\"3236\" data-end=\"3253\"><strong data-start=\"3239\" data-end=\"3253\">7. I biscotti<\/strong><\/h6>\n<p data-start=\"3255\" data-end=\"3430\">I cookie sono piccoli file di testo utilizzati per migliorare la vostra esperienza.<br data-start=\"3316\" data-end=\"3319\" \/>Utilizziamo solo i cookie necessari per le preferenze linguistiche, i miglioramenti dell'interfaccia utente e la funzionalit\u00e0 del sito web.<\/p>\n<p data-start=\"3432\" data-end=\"3555\">\u00c8 possibile gestire o disabilitare i cookie tramite le impostazioni del browser; tuttavia, alcune funzioni potrebbero non funzionare correttamente senza di essi.<\/p>\n<hr data-start=\"3557\" data-end=\"3560\" \/>\n<h6 data-start=\"3562\" data-end=\"3581\"><strong data-start=\"3565\" data-end=\"3581\">8. Limiti di et\u00e0<\/strong><\/h6>\n<p data-start=\"3583\" data-end=\"3741\">Il nostro sito web \u00e8 destinato a utenti di et\u00e0 compresa tra <strong data-start=\"3622\" data-end=\"3638\">18 anni e oltre<\/strong>.<br data-start=\"3639\" data-end=\"3642\" \/>Se veniamo a conoscenza di dati personali raccolti da un minore di 18 anni, li cancelleremo immediatamente.<\/p>\n<hr data-start=\"3743\" data-end=\"3746\" \/>\n<h6 data-start=\"3748\" data-end=\"3793\"><strong data-start=\"3751\" data-end=\"3793\">9. Diritti dell'utente in materia di dati personali<\/strong><\/h6>\n<p data-start=\"3795\" data-end=\"3871\">Per esercitare i vostri diritti, potete contattarci all'indirizzo: <strong data-start=\"3843\" data-end=\"3871\"><a rel=\"noopener\" data-start=\"3845\" data-end=\"3869\">contact@avenue-dubai.com<\/a><\/strong><\/p>\n<p data-start=\"3873\" data-end=\"3893\">I vostri diritti comprendono:<\/p>\n<p data-start=\"3897\" data-end=\"3958\">Diritto di sapere se i propri dati personali vengono trattati<\/p>\n<p data-start=\"3961\" data-end=\"4018\">Diritto di richiedere l'accesso o la copia dei propri dati personali<\/p>\n<p data-start=\"4021\" data-end=\"4082\">Diritto di richiedere la correzione di dati incompleti o errati<\/p>\n<p data-start=\"4085\" data-end=\"4134\">Diritto di richiedere la cancellazione dei propri dati personali<\/p>\n<p data-start=\"4137\" data-end=\"4192\">Diritto di sapere a chi sono stati trasferiti i vostri dati<\/p>\n<p data-start=\"4195\" data-end=\"4235\">Diritto di limitare o opporsi al trattamento<\/p>\n<p data-start=\"4238\" data-end=\"4273\">Diritto di richiedere la portabilit\u00e0 dei dati<\/p>\n<p data-start=\"4276\" data-end=\"4322\">Diritto di opporsi al processo decisionale automatizzato<\/p>\n<p data-start=\"4325\" data-end=\"4383\">Diritto di chiedere un risarcimento in caso di trattamento illecito<\/p>\n<hr data-start=\"4385\" data-end=\"4388\" \/>\n<h6 data-start=\"4390\" data-end=\"4420\"><strong data-start=\"4393\" data-end=\"4420\">10. Informazioni di contatto<\/strong><\/h6>\n<p data-start=\"4422\" data-end=\"4740\"><strong data-start=\"4422\" data-end=\"4463\">Ristorante L'Avenue LLC<\/strong><br data-start=\"4463\" data-end=\"4466\" \/>Posizione: <strong data-start=\"4476\" data-end=\"4545\">2\u00b0 piano, Fashion Avenue - The Dubai Mall<\/strong><br data-start=\"4545\" data-end=\"4548\" \/>Telefono: <strong data-start=\"4555\" data-end=\"4570\">04 393 3997<\/strong><br data-start=\"4570\" data-end=\"4573\" \/>WhatsApp: <strong data-start=\"4583\" data-end=\"4603\">+971 56 162 1040<\/strong><br data-start=\"4603\" data-end=\"4606\" \/>E-mail: <strong data-start=\"4613\" data-end=\"4641\"><a rel=\"noopener\" data-start=\"4615\" data-end=\"4639\">contact@avenue-dubai.com<\/a><\/strong><br data-start=\"4641\" data-end=\"4644\" \/>Sito web: <strong data-start=\"4653\" data-end=\"4677\"><a href=\"https:\/\/avenue-dubai.com\/it\/\" target=\"_new\" rel=\"noopener\" data-start=\"4655\" data-end=\"4675\">www.avenue-dubai.com<\/a><\/strong><br data-start=\"4677\" data-end=\"4680\" \/>Orari di apertura: <strong data-start=\"4695\" data-end=\"4740\">10:00 - 01:00 (ultimo ordine alle 23:30)<\/strong><\/p>\n<p data-start=\"4742\" data-end=\"4878\">Politica di prenotazione: le prenotazioni vengono effettuate per <strong data-start=\"4784\" data-end=\"4798\">15 minuti<\/strong> oltre l'orario previsto.<br data-start=\"4825\" data-end=\"4828\" \/>Dopo il periodo di grazia, il tavolo pu\u00f2 essere rilasciato.<\/p>\n<hr data-start=\"4880\" data-end=\"4883\" \/>\n<h6 data-start=\"4885\" data-end=\"4925\"><strong data-start=\"4888\" data-end=\"4925\">11. Modifiche alla nostra politica sulla privacy<\/strong><\/h6>\n<p data-start=\"4927\" data-end=\"5060\">Possiamo aggiornare la presente Informativa sulla privacy in qualsiasi momento.<br data-start=\"4973\" data-end=\"4976\" \/>Le modifiche sostanziali saranno comunicate sul nostro sito web o tramite notifica diretta.<\/p>\n<hr data-start=\"5062\" data-end=\"5065\" \/>\n<p data-start=\"5067\" data-end=\"5205\" data-is-last-node=\"\" data-is-only-node=\"\">\u00a0<\/p>","protected":false},"excerpt":{"rendered":"<p>Privacy Policy \u2013 L\u2019Avenue Dubai Last updated: 11 February 2026 1. Introduction As L&#8217;Avenue Restaurant LLC (\u201cthe Company\u201d), we value your privacy and the security of your personal data. This Privacy Policy explains what data we collect, how we use it, and the rights you have regarding your personal information. This Privacy Policy applies only [&hellip;]<\/p>","protected":false},"author":1,"featured_media":0,"parent":0,"menu_order":0,"comment_status":"closed","ping_status":"open","template":"","meta":{"footnotes":""},"class_list":["post-3","page","type-page","status-publish","hentry"],"yoast_head":"<!-- This site is optimized with the Yoast SEO plugin v26.8 - https:\/\/yoast.com\/product\/yoast-seo-wordpress\/ -->\n<title>Privacy Policy - L&#039;Avenue Dubai Mall<\/title>\n<meta name=\"robots\" content=\"index, follow, max-snippet:-1, max-image-preview:large, max-video-preview:-1\" \/>\n<link rel=\"canonical\" href=\"https:\/\/avenue-dubai.com\/it\/privacy-policy-2\/\" \/>\n<meta property=\"og:locale\" content=\"it_IT\" \/>\n<meta property=\"og:type\" content=\"article\" \/>\n<meta property=\"og:title\" content=\"Privacy Policy - L&#039;Avenue Dubai Mall\" \/>\n<meta property=\"og:description\" content=\"Privacy Policy \u2013 L\u2019Avenue Dubai Last updated: 11 February 2026 1. Introduction As L&#8217;Avenue Restaurant LLC (\u201cthe Company\u201d), we value your privacy and the security of your personal data. This Privacy Policy explains what data we collect, how we use it, and the rights you have regarding your personal information. This Privacy Policy applies only [&hellip;]\" \/>\n<meta property=\"og:url\" content=\"https:\/\/avenue-dubai.com\/it\/privacy-policy-2\/\" \/>\n<meta property=\"og:site_name\" content=\"L&#039;Avenue Dubai Mall\" \/>\n<meta property=\"article:modified_time\" content=\"2026-02-11T12:17:59+00:00\" \/>\n<meta name=\"twitter:card\" content=\"summary_large_image\" \/>\n<meta name=\"twitter:label1\" content=\"Tempo di lettura stimato\" \/>\n\t<meta name=\"twitter:data1\" content=\"4 minuti\" \/>\n<script type=\"application\/ld+json\" class=\"yoast-schema-graph\">{\"@context\":\"https:\/\/schema.org\",\"@graph\":[{\"@type\":\"WebPage\",\"@id\":\"https:\/\/avenue-dubai.com\/privacy-policy-2\/\",\"url\":\"https:\/\/avenue-dubai.com\/privacy-policy-2\/\",\"name\":\"Privacy Policy - L&#039;Avenue Dubai Mall\",\"isPartOf\":{\"@id\":\"https:\/\/avenue-dubai.com\/#website\"},\"datePublished\":\"2025-08-26T22:46:00+00:00\",\"dateModified\":\"2026-02-11T12:17:59+00:00\",\"breadcrumb\":{\"@id\":\"https:\/\/avenue-dubai.com\/privacy-policy-2\/#breadcrumb\"},\"inLanguage\":\"it-IT\",\"potentialAction\":[{\"@type\":\"ReadAction\",\"target\":[\"https:\/\/avenue-dubai.com\/privacy-policy-2\/\"]}]},{\"@type\":\"BreadcrumbList\",\"@id\":\"https:\/\/avenue-dubai.com\/privacy-policy-2\/#breadcrumb\",\"itemListElement\":[{\"@type\":\"ListItem\",\"position\":1,\"name\":\"Home\",\"item\":\"https:\/\/avenue-dubai.com\/\"},{\"@type\":\"ListItem\",\"position\":2,\"name\":\"Privacy Policy\"}]},{\"@type\":\"WebSite\",\"@id\":\"https:\/\/avenue-dubai.com\/#website\",\"url\":\"https:\/\/avenue-dubai.com\/\",\"name\":\"L'Avenue Dubai Mall\",\"description\":\"L&#039;avenue restaurant by Costes at Dubai Mall, fountain view\",\"publisher\":{\"@id\":\"https:\/\/avenue-dubai.com\/#organization\"},\"potentialAction\":[{\"@type\":\"SearchAction\",\"target\":{\"@type\":\"EntryPoint\",\"urlTemplate\":\"https:\/\/avenue-dubai.com\/?s={search_term_string}\"},\"query-input\":{\"@type\":\"PropertyValueSpecification\",\"valueRequired\":true,\"valueName\":\"search_term_string\"}}],\"inLanguage\":\"it-IT\"},{\"@type\":\"Organization\",\"@id\":\"https:\/\/avenue-dubai.com\/#organization\",\"name\":\"L'Avenue Dubai Mall\",\"url\":\"https:\/\/avenue-dubai.com\/\",\"logo\":{\"@type\":\"ImageObject\",\"inLanguage\":\"it-IT\",\"@id\":\"https:\/\/avenue-dubai.com\/#\/schema\/logo\/image\/\",\"url\":\"https:\/\/avenue-dubai.com\/wp-content\/uploads\/2025\/12\/Avenue-dubaimall-dark.png\",\"contentUrl\":\"https:\/\/avenue-dubai.com\/wp-content\/uploads\/2025\/12\/Avenue-dubaimall-dark.png\",\"width\":1037,\"height\":232,\"caption\":\"L'Avenue Dubai Mall\"},\"image\":{\"@id\":\"https:\/\/avenue-dubai.com\/#\/schema\/logo\/image\/\"}}]}<\/script>\n<!-- \/ Yoast SEO plugin. -->","yoast_head_json":{"title":"Privacy Policy - L&#039;Avenue Dubai Mall","robots":{"index":"index","follow":"follow","max-snippet":"max-snippet:-1","max-image-preview":"max-image-preview:large","max-video-preview":"max-video-preview:-1"},"canonical":"https:\/\/avenue-dubai.com\/it\/privacy-policy-2\/","og_locale":"it_IT","og_type":"article","og_title":"Privacy Policy - L&#039;Avenue Dubai Mall","og_description":"Privacy Policy \u2013 L\u2019Avenue Dubai Last updated: 11 February 2026 1. Introduction As L&#8217;Avenue Restaurant LLC (\u201cthe Company\u201d), we value your privacy and the security of your personal data. This Privacy Policy explains what data we collect, how we use it, and the rights you have regarding your personal information. This Privacy Policy applies only [&hellip;]","og_url":"https:\/\/avenue-dubai.com\/it\/privacy-policy-2\/","og_site_name":"L&#039;Avenue Dubai Mall","article_modified_time":"2026-02-11T12:17:59+00:00","twitter_card":"summary_large_image","twitter_misc":{"Tempo di lettura stimato":"4 minuti"},"schema":{"@context":"https:\/\/schema.org","@graph":[{"@type":"WebPage","@id":"https:\/\/avenue-dubai.com\/privacy-policy-2\/","url":"https:\/\/avenue-dubai.com\/privacy-policy-2\/","name":"Privacy Policy - L&#039;Avenue Dubai Mall","isPartOf":{"@id":"https:\/\/avenue-dubai.com\/#website"},"datePublished":"2025-08-26T22:46:00+00:00","dateModified":"2026-02-11T12:17:59+00:00","breadcrumb":{"@id":"https:\/\/avenue-dubai.com\/privacy-policy-2\/#breadcrumb"},"inLanguage":"it-IT","potentialAction":[{"@type":"ReadAction","target":["https:\/\/avenue-dubai.com\/privacy-policy-2\/"]}]},{"@type":"BreadcrumbList","@id":"https:\/\/avenue-dubai.com\/privacy-policy-2\/#breadcrumb","itemListElement":[{"@type":"ListItem","position":1,"name":"Home","item":"https:\/\/avenue-dubai.com\/"},{"@type":"ListItem","position":2,"name":"Privacy Policy"}]},{"@type":"WebSite","@id":"https:\/\/avenue-dubai.com\/#website","url":"https:\/\/avenue-dubai.com\/","name":"Centro commerciale L'Avenue Dubai","description":"Ristorante L'avenue di Costes al Dubai Mall, vista fontana","publisher":{"@id":"https:\/\/avenue-dubai.com\/#organization"},"potentialAction":[{"@type":"SearchAction","target":{"@type":"EntryPoint","urlTemplate":"https:\/\/avenue-dubai.com\/?s={search_term_string}"},"query-input":{"@type":"PropertyValueSpecification","valueRequired":true,"valueName":"search_term_string"}}],"inLanguage":"it-IT"},{"@type":"Organization","@id":"https:\/\/avenue-dubai.com\/#organization","name":"Centro commerciale L'Avenue Dubai","url":"https:\/\/avenue-dubai.com\/","logo":{"@type":"ImageObject","inLanguage":"it-IT","@id":"https:\/\/avenue-dubai.com\/#\/schema\/logo\/image\/","url":"https:\/\/avenue-dubai.com\/wp-content\/uploads\/2025\/12\/Avenue-dubaimall-dark.png","contentUrl":"https:\/\/avenue-dubai.com\/wp-content\/uploads\/2025\/12\/Avenue-dubaimall-dark.png","width":1037,"height":232,"caption":"L'Avenue Dubai Mall"},"image":{"@id":"https:\/\/avenue-dubai.com\/#\/schema\/logo\/image\/"}}]}},"_links":{"self":[{"href":"https:\/\/avenue-dubai.com\/it\/wp-json\/wp\/v2\/pages\/3","targetHints":{"allow":["GET"]}}],"collection":[{"href":"https:\/\/avenue-dubai.com\/it\/wp-json\/wp\/v2\/pages"}],"about":[{"href":"https:\/\/avenue-dubai.com\/it\/wp-json\/wp\/v2\/types\/page"}],"author":[{"embeddable":true,"href":"https:\/\/avenue-dubai.com\/it\/wp-json\/wp\/v2\/users\/1"}],"replies":[{"embeddable":true,"href":"https:\/\/avenue-dubai.com\/it\/wp-json\/wp\/v2\/comments?post=3"}],"version-history":[{"count":7,"href":"https:\/\/avenue-dubai.com\/it\/wp-json\/wp\/v2\/pages\/3\/revisions"}],"predecessor-version":[{"id":8008,"href":"https:\/\/avenue-dubai.com\/it\/wp-json\/wp\/v2\/pages\/3\/revisions\/8008"}],"wp:attachment":[{"href":"https:\/\/avenue-dubai.com\/it\/wp-json\/wp\/v2\/media?parent=3"}],"curies":[{"name":"wp","href":"https:\/\/api.w.org\/{rel}","templated":true}]}}