{"id":3,"date":"2025-08-26T22:46:00","date_gmt":"2025-08-26T22:46:00","guid":{"rendered":"http:\/\/avenue-dubai.com\/?page_id=3"},"modified":"2026-02-11T12:17:59","modified_gmt":"2026-02-11T12:17:59","slug":"privacy-policy-2","status":"publish","type":"page","link":"https:\/\/avenue-dubai.com\/fr\/privacy-policy-2\/","title":{"rendered":"Politique de confidentialit\u00e9"},"content":{"rendered":"<h5 class=\"wp-block-heading\" data-start=\"322\" data-end=\"361\"><strong data-start=\"324\" data-end=\"359\">Politique de confidentialit\u00e9 - L'Avenue Dubai<\/strong><\/h5>\n<p data-start=\"362\" data-end=\"396\"><strong data-start=\"362\" data-end=\"396\">Derni\u00e8re mise \u00e0 jour : 11 f\u00e9vrier 2026<\/strong><\/p>\n<h6 data-start=\"398\" data-end=\"420\"><strong data-start=\"401\" data-end=\"420\">1. Introduction<\/strong><\/h6>\n<p data-start=\"422\" data-end=\"672\">En tant que <strong data-start=\"425\" data-end=\"466\">L'Avenue Restaurant LLC<\/strong> (\u201cl'Entreprise\u201d), nous accordons une grande importance \u00e0 votre vie priv\u00e9e et \u00e0 la s\u00e9curit\u00e9 de vos donn\u00e9es personnelles. La pr\u00e9sente politique de confidentialit\u00e9 explique quelles donn\u00e9es nous collectons, comment nous les utilisons et quels sont les droits dont vous disposez concernant vos informations personnelles.<\/p>\n<p data-start=\"674\" data-end=\"840\">La pr\u00e9sente politique de protection de la vie priv\u00e9e s'applique uniquement <strong data-start=\"710\" data-end=\"734\"><a href=\"https:\/\/avenue-dubai.com\/fr\/\" target=\"_new\" rel=\"noopener\" data-start=\"712\" data-end=\"732\">www.avenue-dubai.com<\/a><\/strong> (notre site web).<br data-start=\"749\" data-end=\"752\" \/>Si vous n'\u00eates pas d'accord avec la pr\u00e9sente politique de confidentialit\u00e9, veuillez cesser d'utiliser notre site web.<\/p>\n<hr data-start=\"842\" data-end=\"845\" \/>\n<h6 data-start=\"847\" data-end=\"880\"><strong data-start=\"850\" data-end=\"880\">2. Liens vers d'autres sites web<\/strong><\/h6>\n<p data-start=\"882\" data-end=\"1155\">Notre site web peut contenir des liens vers des sites web de tiers. La pr\u00e9sente politique de confidentialit\u00e9 ne s'applique pas \u00e0 ces sites externes.<br data-start=\"996\" data-end=\"999\" \/>Nous ne sommes pas responsables des pratiques des tiers en mati\u00e8re de protection de la vie priv\u00e9e. Nous recommandons de consulter leurs politiques de confidentialit\u00e9 avant de leur communiquer des donn\u00e9es personnelles.<\/p>\n<hr data-start=\"1157\" data-end=\"1160\" \/>\n<h6 data-start=\"1162\" data-end=\"1187\"><strong data-start=\"1165\" data-end=\"1187\">3. Donn\u00e9es collect\u00e9es<\/strong><\/h6>\n<p data-start=\"1189\" data-end=\"1313\">Lorsque vous interagissez avec notre site web, que vous vous inscrivez, que vous vous abonnez, que vous effectuez une r\u00e9servation ou que vous nous contactez, vous pouvez fournir des donn\u00e9es \u00e0 caract\u00e8re personnel telles que<\/p>\n<p data-start=\"1317\" data-end=\"1340\">Pr\u00e9nom, nom<\/p>\n<p data-start=\"1343\" data-end=\"1358\">Adresse \u00e9lectronique<\/p>\n<p data-start=\"1361\" data-end=\"1375\">Num\u00e9ro de t\u00e9l\u00e9phone<\/p>\n<p data-start=\"1378\" data-end=\"1403\">Informations sur les r\u00e9servations<\/p>\n<p data-start=\"1406\" data-end=\"1478\">Adresse IP (collect\u00e9e automatiquement pour des raisons de s\u00e9curit\u00e9 et de conformit\u00e9 l\u00e9gale)<\/p>\n<p data-start=\"1481\" data-end=\"1543\">Informations transmises par le biais de nos formulaires de contact ou du lien WhatsApp<\/p>\n<p data-start=\"1546\" data-end=\"1587\">Toute information que vous nous communiquez volontairement<\/p>\n<p data-start=\"1589\" data-end=\"1675\">Si les achats en ligne ou les r\u00e9servations n\u00e9cessitant un paiement sont activ\u00e9s, vous pouvez \u00e9galement fournir des informations :<\/p>\n<p data-start=\"1678\" data-end=\"1687\">Adresse<\/p>\n<p data-start=\"1690\" data-end=\"1707\">Donn\u00e9es de facturation<\/p>\n<p data-start=\"1710\" data-end=\"1762\">Carte de cr\u00e9dit ou informations bancaires (trait\u00e9es en toute s\u00e9curit\u00e9)<\/p>\n<hr data-start=\"1764\" data-end=\"1767\" \/>\n<h6 data-start=\"1769\" data-end=\"1799\"><strong data-start=\"1772\" data-end=\"1799\">4. Comment nous utilisons vos donn\u00e9es<\/strong><\/h6>\n<p data-start=\"1801\" data-end=\"1832\">Nous utilisons les donn\u00e9es que vous nous fournissez pour :<\/p>\n<p data-start=\"1836\" data-end=\"1888\">Cr\u00e9ez et g\u00e9rez votre profil d'utilisateur ou de r\u00e9servation<\/p>\n<p data-start=\"1891\" data-end=\"1941\">Traiter les r\u00e9servations et fournir des services de restauration<\/p>\n<p data-start=\"1944\" data-end=\"2000\">vous contacter au sujet des r\u00e9servations ou de l'assistance \u00e0 la client\u00e8le<\/p>\n<p data-start=\"2003\" data-end=\"2043\">Am\u00e9liorer l'exp\u00e9rience de l'utilisateur sur notre site web<\/p>\n<p data-start=\"2046\" data-end=\"2117\">Envoyer des bulletins d'information ou des communications marketing (uniquement avec votre consentement)<\/p>\n<p data-start=\"2120\" data-end=\"2161\">\u00c9mettre des factures ou des confirmations de paiement<\/p>\n<p data-start=\"2164\" data-end=\"2209\">Respecter les obligations l\u00e9gales pr\u00e9vues par la l\u00e9gislation des \u00c9mirats arabes unis<\/p>\n<p data-start=\"2211\" data-end=\"2348\">La base juridique du traitement comprend votre consentement, l'ex\u00e9cution d'un contrat, le respect de la loi et nos int\u00e9r\u00eats commerciaux l\u00e9gitimes.<\/p>\n<p data-start=\"2350\" data-end=\"2483\">Votre adresse IP est stock\u00e9e uniquement pour se conformer aux r\u00e9glementations des \u00c9mirats arabes unis applicables aux communications \u00e9lectroniques et \u00e0 la s\u00e9curit\u00e9 de la plate-forme.<\/p>\n<hr data-start=\"2485\" data-end=\"2488\" \/>\n<h6 data-start=\"2490\" data-end=\"2526\"><strong data-start=\"2493\" data-end=\"2526\">5. Dur\u00e9e de conservation des donn\u00e9es<\/strong><\/h6>\n<ul data-start=\"2528\" data-end=\"2869\">\n<li data-start=\"2528\" data-end=\"2654\">\n<p data-start=\"2530\" data-end=\"2654\"><strong data-start=\"2530\" data-end=\"2562\">Donn\u00e9es relatives au compte ou \u00e0 la r\u00e9servation :<\/strong> conserv\u00e9s tant que votre profil reste actif ou si cela est n\u00e9cessaire pour des raisons op\u00e9rationnelles\/l\u00e9gales.<\/p>\n<\/li>\n<li data-start=\"2655\" data-end=\"2716\">\n<p data-start=\"2657\" data-end=\"2716\"><strong data-start=\"2657\" data-end=\"2686\">Abonnement \u00e0 la lettre d'information :<\/strong> conserv\u00e9s jusqu'\u00e0 ce que vous vous d\u00e9sinscriviez.<\/p>\n<\/li>\n<li data-start=\"2717\" data-end=\"2757\">\n<p data-start=\"2719\" data-end=\"2757\"><strong data-start=\"2719\" data-end=\"2736\">Adresses IP :<\/strong> conserv\u00e9s pendant 1 an.<\/p>\n<\/li>\n<li data-start=\"2758\" data-end=\"2869\">\n<p data-start=\"2760\" data-end=\"2869\"><strong data-start=\"2760\" data-end=\"2788\">Donn\u00e9es de paiement ou de facturation :<\/strong> conserv\u00e9s pendant la dur\u00e9e requise par les obligations de conservation des documents financiers des \u00c9mirats arabes unis.<\/p>\n<\/li>\n<\/ul>\n<hr data-start=\"2871\" data-end=\"2874\" \/>\n<h6 data-start=\"2876\" data-end=\"2906\"><strong data-start=\"2879\" data-end=\"2906\">6. Partage de vos donn\u00e9es<\/strong><\/h6>\n<p data-start=\"2908\" data-end=\"2981\">Nous le faisons <strong data-start=\"2914\" data-end=\"2921\">pas<\/strong> vendre ou partager vos donn\u00e9es personnelles avec des tiers, sauf :<\/p>\n<ul data-start=\"2983\" data-end=\"3229\">\n<li data-start=\"2983\" data-end=\"3076\">\n<p data-start=\"2985\" data-end=\"3076\">lorsque cela est n\u00e9cessaire pour se conformer aux demandes contraignantes des autorit\u00e9s des \u00c9mirats arabes unis, des tribunaux ou des r\u00e9gulateurs<\/p>\n<\/li>\n<li data-start=\"3077\" data-end=\"3229\">\n<p data-start=\"3079\" data-end=\"3229\">lorsque cela est n\u00e9cessaire pour les prestataires de services qui effectuent des t\u00e2ches op\u00e9rationnelles en notre nom (informatique, h\u00e9bergement, traitement des paiements), dans le cadre d'obligations de confidentialit\u00e9<\/p>\n<\/li>\n<\/ul>\n<hr data-start=\"3231\" data-end=\"3234\" \/>\n<h6 data-start=\"3236\" data-end=\"3253\"><strong data-start=\"3239\" data-end=\"3253\">7. Cookies<\/strong><\/h6>\n<p data-start=\"3255\" data-end=\"3430\">Les cookies sont de petits fichiers texte utilis\u00e9s pour am\u00e9liorer votre exp\u00e9rience.<br data-start=\"3316\" data-end=\"3319\" \/>Nous n'utilisons que les cookies n\u00e9cessaires aux pr\u00e9f\u00e9rences linguistiques, \u00e0 l'am\u00e9lioration de l'interface utilisateur et \u00e0 la fonctionnalit\u00e9 du site web.<\/p>\n<p data-start=\"3432\" data-end=\"3555\">Vous pouvez g\u00e9rer ou d\u00e9sactiver les cookies via les param\u00e8tres de votre navigateur ; cependant, certaines fonctionnalit\u00e9s peuvent ne pas fonctionner correctement sans eux.<\/p>\n<hr data-start=\"3557\" data-end=\"3560\" \/>\n<h6 data-start=\"3562\" data-end=\"3581\"><strong data-start=\"3565\" data-end=\"3581\">8. Limite d'\u00e2ge<\/strong><\/h6>\n<p data-start=\"3583\" data-end=\"3741\">Notre site Internet est destin\u00e9 aux utilisateurs \u00e2g\u00e9s de <strong data-start=\"3622\" data-end=\"3638\">18 ans et plus<\/strong>.<br data-start=\"3639\" data-end=\"3642\" \/>Si nous prenons connaissance de donn\u00e9es personnelles collect\u00e9es aupr\u00e8s d'un mineur de moins de 18 ans, nous les supprimerons imm\u00e9diatement.<\/p>\n<hr data-start=\"3743\" data-end=\"3746\" \/>\n<h6 data-start=\"3748\" data-end=\"3793\"><strong data-start=\"3751\" data-end=\"3793\">9. Vos droits en mati\u00e8re de donn\u00e9es \u00e0 caract\u00e8re personnel<\/strong><\/h6>\n<p data-start=\"3795\" data-end=\"3871\">Pour exercer vos droits, vous pouvez nous contacter \u00e0 l'adresse suivante <strong data-start=\"3843\" data-end=\"3871\"><a rel=\"noopener\" data-start=\"3845\" data-end=\"3869\">contact@avenue-dubai.com<\/a><\/strong><\/p>\n<p data-start=\"3873\" data-end=\"3893\">Vos droits sont les suivants<\/p>\n<p data-start=\"3897\" data-end=\"3958\">Droit de savoir si vos donn\u00e9es \u00e0 caract\u00e8re personnel font l'objet d'un traitement<\/p>\n<p data-start=\"3961\" data-end=\"4018\">Droit de demander l'acc\u00e8s ou des copies de vos donn\u00e9es personnelles<\/p>\n<p data-start=\"4021\" data-end=\"4082\">Droit de demander la correction de donn\u00e9es incompl\u00e8tes ou incorrectes<\/p>\n<p data-start=\"4085\" data-end=\"4134\">Droit de demander la suppression de vos donn\u00e9es personnelles<\/p>\n<p data-start=\"4137\" data-end=\"4192\">Droit de savoir \u00e0 qui vos donn\u00e9es ont \u00e9t\u00e9 transmises<\/p>\n<p data-start=\"4195\" data-end=\"4235\">Droit de limiter le traitement ou de s'y opposer<\/p>\n<p data-start=\"4238\" data-end=\"4273\">Droit de demander la portabilit\u00e9 des donn\u00e9es<\/p>\n<p data-start=\"4276\" data-end=\"4322\">Droit de s'opposer \u00e0 la prise de d\u00e9cision automatis\u00e9e<\/p>\n<p data-start=\"4325\" data-end=\"4383\">Droit de demander r\u00e9paration en cas de traitement illicite<\/p>\n<hr data-start=\"4385\" data-end=\"4388\" \/>\n<h6 data-start=\"4390\" data-end=\"4420\"><strong data-start=\"4393\" data-end=\"4420\">10. Informations sur les contacts<\/strong><\/h6>\n<p data-start=\"4422\" data-end=\"4740\"><strong data-start=\"4422\" data-end=\"4463\">L'Avenue Restaurant LLC<\/strong><br data-start=\"4463\" data-end=\"4466\" \/>Localisation : <strong data-start=\"4476\" data-end=\"4545\">2\u00e8me \u00e9tage, Fashion Avenue - The Dubai Mall<\/strong><br data-start=\"4545\" data-end=\"4548\" \/>T\u00e9l\u00e9phone : <strong data-start=\"4555\" data-end=\"4570\">04 393 3997<\/strong><br data-start=\"4570\" data-end=\"4573\" \/>WhatsApp : <strong data-start=\"4583\" data-end=\"4603\">+971 56 162 1040<\/strong><br data-start=\"4603\" data-end=\"4606\" \/>Courriel : <strong data-start=\"4613\" data-end=\"4641\"><a rel=\"noopener\" data-start=\"4615\" data-end=\"4639\">contact@avenue-dubai.com<\/a><\/strong><br data-start=\"4641\" data-end=\"4644\" \/>Site web : <strong data-start=\"4653\" data-end=\"4677\"><a href=\"https:\/\/avenue-dubai.com\/fr\/\" target=\"_new\" rel=\"noopener\" data-start=\"4655\" data-end=\"4675\">www.avenue-dubai.com<\/a><\/strong><br data-start=\"4677\" data-end=\"4680\" \/>Heures d'ouverture : <strong data-start=\"4695\" data-end=\"4740\">10:00 am - 01:00 am (Derni\u00e8re commande 23:30 pm)<\/strong><\/p>\n<p data-start=\"4742\" data-end=\"4878\">Politique de r\u00e9servation : les r\u00e9servations sont maintenues pour <strong data-start=\"4784\" data-end=\"4798\">15 minutes<\/strong> au-del\u00e0 de l'heure pr\u00e9vue.<br data-start=\"4825\" data-end=\"4828\" \/>Apr\u00e8s le d\u00e9lai de gr\u00e2ce, le tableau peut \u00eatre lib\u00e9r\u00e9.<\/p>\n<hr data-start=\"4880\" data-end=\"4883\" \/>\n<h6 data-start=\"4885\" data-end=\"4925\"><strong data-start=\"4888\" data-end=\"4925\">11. Modifications de notre politique de confidentialit\u00e9<\/strong><\/h6>\n<p data-start=\"4927\" data-end=\"5060\">Nous pouvons mettre \u00e0 jour cette politique de confidentialit\u00e9 \u00e0 tout moment.<br data-start=\"4973\" data-end=\"4976\" \/>Les modifications importantes seront communiqu\u00e9es sur notre site web ou par notification directe.<\/p>\n<hr data-start=\"5062\" data-end=\"5065\" \/>\n<p data-start=\"5067\" data-end=\"5205\" data-is-last-node=\"\" data-is-only-node=\"\">\u00a0<\/p>","protected":false},"excerpt":{"rendered":"<p>Privacy Policy \u2013 L\u2019Avenue Dubai Last updated: 11 February 2026 1. Introduction As L&#8217;Avenue Restaurant LLC (\u201cthe Company\u201d), we value your privacy and the security of your personal data. This Privacy Policy explains what data we collect, how we use it, and the rights you have regarding your personal information. This Privacy Policy applies only [&hellip;]<\/p>","protected":false},"author":1,"featured_media":0,"parent":0,"menu_order":0,"comment_status":"closed","ping_status":"open","template":"","meta":{"footnotes":""},"class_list":["post-3","page","type-page","status-publish","hentry"],"yoast_head":"<!-- This site is optimized with the Yoast SEO plugin v26.8 - https:\/\/yoast.com\/product\/yoast-seo-wordpress\/ -->\n<title>Privacy Policy - L&#039;Avenue Dubai Mall<\/title>\n<meta name=\"robots\" content=\"index, follow, max-snippet:-1, max-image-preview:large, max-video-preview:-1\" \/>\n<link rel=\"canonical\" href=\"https:\/\/avenue-dubai.com\/fr\/privacy-policy-2\/\" \/>\n<meta property=\"og:locale\" content=\"fr_FR\" \/>\n<meta property=\"og:type\" content=\"article\" \/>\n<meta property=\"og:title\" content=\"Privacy Policy - L&#039;Avenue Dubai Mall\" \/>\n<meta property=\"og:description\" content=\"Privacy Policy \u2013 L\u2019Avenue Dubai Last updated: 11 February 2026 1. Introduction As L&#8217;Avenue Restaurant LLC (\u201cthe Company\u201d), we value your privacy and the security of your personal data. This Privacy Policy explains what data we collect, how we use it, and the rights you have regarding your personal information. This Privacy Policy applies only [&hellip;]\" \/>\n<meta property=\"og:url\" content=\"https:\/\/avenue-dubai.com\/fr\/privacy-policy-2\/\" \/>\n<meta property=\"og:site_name\" content=\"L&#039;Avenue Dubai Mall\" \/>\n<meta property=\"article:modified_time\" content=\"2026-02-11T12:17:59+00:00\" \/>\n<meta name=\"twitter:card\" content=\"summary_large_image\" \/>\n<meta name=\"twitter:label1\" content=\"Dur\u00e9e de lecture estim\u00e9e\" \/>\n\t<meta name=\"twitter:data1\" content=\"4 minutes\" \/>\n<script type=\"application\/ld+json\" class=\"yoast-schema-graph\">{\"@context\":\"https:\/\/schema.org\",\"@graph\":[{\"@type\":\"WebPage\",\"@id\":\"https:\/\/avenue-dubai.com\/privacy-policy-2\/\",\"url\":\"https:\/\/avenue-dubai.com\/privacy-policy-2\/\",\"name\":\"Privacy Policy - L&#039;Avenue Dubai Mall\",\"isPartOf\":{\"@id\":\"https:\/\/avenue-dubai.com\/#website\"},\"datePublished\":\"2025-08-26T22:46:00+00:00\",\"dateModified\":\"2026-02-11T12:17:59+00:00\",\"breadcrumb\":{\"@id\":\"https:\/\/avenue-dubai.com\/privacy-policy-2\/#breadcrumb\"},\"inLanguage\":\"fr-FR\",\"potentialAction\":[{\"@type\":\"ReadAction\",\"target\":[\"https:\/\/avenue-dubai.com\/privacy-policy-2\/\"]}]},{\"@type\":\"BreadcrumbList\",\"@id\":\"https:\/\/avenue-dubai.com\/privacy-policy-2\/#breadcrumb\",\"itemListElement\":[{\"@type\":\"ListItem\",\"position\":1,\"name\":\"Home\",\"item\":\"https:\/\/avenue-dubai.com\/\"},{\"@type\":\"ListItem\",\"position\":2,\"name\":\"Privacy Policy\"}]},{\"@type\":\"WebSite\",\"@id\":\"https:\/\/avenue-dubai.com\/#website\",\"url\":\"https:\/\/avenue-dubai.com\/\",\"name\":\"L'Avenue Dubai Mall\",\"description\":\"L&#039;avenue restaurant by Costes at Dubai Mall, fountain view\",\"publisher\":{\"@id\":\"https:\/\/avenue-dubai.com\/#organization\"},\"potentialAction\":[{\"@type\":\"SearchAction\",\"target\":{\"@type\":\"EntryPoint\",\"urlTemplate\":\"https:\/\/avenue-dubai.com\/?s={search_term_string}\"},\"query-input\":{\"@type\":\"PropertyValueSpecification\",\"valueRequired\":true,\"valueName\":\"search_term_string\"}}],\"inLanguage\":\"fr-FR\"},{\"@type\":\"Organization\",\"@id\":\"https:\/\/avenue-dubai.com\/#organization\",\"name\":\"L'Avenue Dubai Mall\",\"url\":\"https:\/\/avenue-dubai.com\/\",\"logo\":{\"@type\":\"ImageObject\",\"inLanguage\":\"fr-FR\",\"@id\":\"https:\/\/avenue-dubai.com\/#\/schema\/logo\/image\/\",\"url\":\"https:\/\/avenue-dubai.com\/wp-content\/uploads\/2025\/12\/Avenue-dubaimall-dark.png\",\"contentUrl\":\"https:\/\/avenue-dubai.com\/wp-content\/uploads\/2025\/12\/Avenue-dubaimall-dark.png\",\"width\":1037,\"height\":232,\"caption\":\"L'Avenue Dubai Mall\"},\"image\":{\"@id\":\"https:\/\/avenue-dubai.com\/#\/schema\/logo\/image\/\"}}]}<\/script>\n<!-- \/ Yoast SEO plugin. -->","yoast_head_json":{"title":"Privacy Policy - L&#039;Avenue Dubai Mall","robots":{"index":"index","follow":"follow","max-snippet":"max-snippet:-1","max-image-preview":"max-image-preview:large","max-video-preview":"max-video-preview:-1"},"canonical":"https:\/\/avenue-dubai.com\/fr\/privacy-policy-2\/","og_locale":"fr_FR","og_type":"article","og_title":"Privacy Policy - L&#039;Avenue Dubai Mall","og_description":"Privacy Policy \u2013 L\u2019Avenue Dubai Last updated: 11 February 2026 1. Introduction As L&#8217;Avenue Restaurant LLC (\u201cthe Company\u201d), we value your privacy and the security of your personal data. This Privacy Policy explains what data we collect, how we use it, and the rights you have regarding your personal information. This Privacy Policy applies only [&hellip;]","og_url":"https:\/\/avenue-dubai.com\/fr\/privacy-policy-2\/","og_site_name":"L&#039;Avenue Dubai Mall","article_modified_time":"2026-02-11T12:17:59+00:00","twitter_card":"summary_large_image","twitter_misc":{"Dur\u00e9e de lecture estim\u00e9e":"4 minutes"},"schema":{"@context":"https:\/\/schema.org","@graph":[{"@type":"WebPage","@id":"https:\/\/avenue-dubai.com\/privacy-policy-2\/","url":"https:\/\/avenue-dubai.com\/privacy-policy-2\/","name":"Privacy Policy - L&#039;Avenue Dubai Mall","isPartOf":{"@id":"https:\/\/avenue-dubai.com\/#website"},"datePublished":"2025-08-26T22:46:00+00:00","dateModified":"2026-02-11T12:17:59+00:00","breadcrumb":{"@id":"https:\/\/avenue-dubai.com\/privacy-policy-2\/#breadcrumb"},"inLanguage":"fr-FR","potentialAction":[{"@type":"ReadAction","target":["https:\/\/avenue-dubai.com\/privacy-policy-2\/"]}]},{"@type":"BreadcrumbList","@id":"https:\/\/avenue-dubai.com\/privacy-policy-2\/#breadcrumb","itemListElement":[{"@type":"ListItem","position":1,"name":"Home","item":"https:\/\/avenue-dubai.com\/"},{"@type":"ListItem","position":2,"name":"Privacy Policy"}]},{"@type":"WebSite","@id":"https:\/\/avenue-dubai.com\/#website","url":"https:\/\/avenue-dubai.com\/","name":"L'Avenue Dubai Mall","description":"Restaurant L'avenue by Costes au Dubai Mall, vue sur la fontaine","publisher":{"@id":"https:\/\/avenue-dubai.com\/#organization"},"potentialAction":[{"@type":"SearchAction","target":{"@type":"EntryPoint","urlTemplate":"https:\/\/avenue-dubai.com\/?s={search_term_string}"},"query-input":{"@type":"PropertyValueSpecification","valueRequired":true,"valueName":"search_term_string"}}],"inLanguage":"fr-FR"},{"@type":"Organization","@id":"https:\/\/avenue-dubai.com\/#organization","name":"L'Avenue Dubai Mall","url":"https:\/\/avenue-dubai.com\/","logo":{"@type":"ImageObject","inLanguage":"fr-FR","@id":"https:\/\/avenue-dubai.com\/#\/schema\/logo\/image\/","url":"https:\/\/avenue-dubai.com\/wp-content\/uploads\/2025\/12\/Avenue-dubaimall-dark.png","contentUrl":"https:\/\/avenue-dubai.com\/wp-content\/uploads\/2025\/12\/Avenue-dubaimall-dark.png","width":1037,"height":232,"caption":"L'Avenue Dubai Mall"},"image":{"@id":"https:\/\/avenue-dubai.com\/#\/schema\/logo\/image\/"}}]}},"_links":{"self":[{"href":"https:\/\/avenue-dubai.com\/fr\/wp-json\/wp\/v2\/pages\/3","targetHints":{"allow":["GET"]}}],"collection":[{"href":"https:\/\/avenue-dubai.com\/fr\/wp-json\/wp\/v2\/pages"}],"about":[{"href":"https:\/\/avenue-dubai.com\/fr\/wp-json\/wp\/v2\/types\/page"}],"author":[{"embeddable":true,"href":"https:\/\/avenue-dubai.com\/fr\/wp-json\/wp\/v2\/users\/1"}],"replies":[{"embeddable":true,"href":"https:\/\/avenue-dubai.com\/fr\/wp-json\/wp\/v2\/comments?post=3"}],"version-history":[{"count":7,"href":"https:\/\/avenue-dubai.com\/fr\/wp-json\/wp\/v2\/pages\/3\/revisions"}],"predecessor-version":[{"id":8008,"href":"https:\/\/avenue-dubai.com\/fr\/wp-json\/wp\/v2\/pages\/3\/revisions\/8008"}],"wp:attachment":[{"href":"https:\/\/avenue-dubai.com\/fr\/wp-json\/wp\/v2\/media?parent=3"}],"curies":[{"name":"wp","href":"https:\/\/api.w.org\/{rel}","templated":true}]}}