{"id":7532,"date":"2025-12-18T09:20:16","date_gmt":"2025-12-18T09:20:16","guid":{"rendered":"https:\/\/avenue-dubai.com\/?page_id=7532"},"modified":"2026-03-04T08:58:00","modified_gmt":"2026-03-04T08:58:00","slug":"the-terrace","status":"publish","type":"page","link":"https:\/\/avenue-dubai.com\/es\/the-terrace\/","title":{"rendered":"La terraza"},"content":{"rendered":"<div data-elementor-type=\"wp-page\" data-elementor-id=\"7532\" class=\"elementor elementor-7532\" data-elementor-post-type=\"page\">\n\t\t\t\t\t\t<section class=\"elementor-section elementor-top-section elementor-element elementor-element-2ff3a7f elementor-section-full_width elementor-section-height-default elementor-section-height-default qodef-elementor-content-no\" data-id=\"2ff3a7f\" data-element_type=\"section\" data-settings=\"{&quot;background_background&quot;:&quot;slideshow&quot;,&quot;background_slideshow_gallery&quot;:[],&quot;background_slideshow_loop&quot;:&quot;yes&quot;,&quot;background_slideshow_slide_duration&quot;:5000,&quot;background_slideshow_slide_transition&quot;:&quot;fade&quot;,&quot;background_slideshow_transition_duration&quot;:500}\">\n\t\t\t\t\t\t<div class=\"elementor-container elementor-column-gap-no\">\n\t\t\t\t\t<div class=\"elementor-column elementor-col-100 elementor-top-column elementor-element elementor-element-903e64a\" data-id=\"903e64a\" data-element_type=\"column\" data-settings=\"{&quot;background_background&quot;:&quot;classic&quot;}\">\n\t\t\t<div class=\"elementor-widget-wrap elementor-element-populated\">\n\t\t\t\t\t\t\t<\/div>\n\t\t<\/div>\n\t\t\t\t\t<\/div>\n\t\t<\/section>\n\t\t\t\t<section class=\"elementor-section elementor-top-section elementor-element elementor-element-683df44 elementor-section-full_width elementor-section-height-default elementor-section-height-default qodef-elementor-content-no\" data-id=\"683df44\" data-element_type=\"section\">\n\t\t\t\t\t\t<div class=\"elementor-container elementor-column-gap-default\">\n\t\t\t\t\t<div class=\"elementor-column elementor-col-100 elementor-top-column elementor-element elementor-element-78d4dda\" data-id=\"78d4dda\" data-element_type=\"column\">\n\t\t\t<div class=\"elementor-widget-wrap elementor-element-populated\">\n\t\t\t\t\t\t<div class=\"elementor-element elementor-element-409c305 elementor-widget elementor-widget-beurre_core_section_title\" data-id=\"409c305\" data-element_type=\"widget\" data-widget_type=\"beurre_core_section_title.default\">\n\t\t\t\t<div class=\"elementor-widget-container\">\n\t\t\t\t\t<div class=\"qodef-shortcode qodef-m qodef-section-title qodef-alignment--left qodef-highlight-title\">\n\t\t\t<h1 class=\"qodef-m-title\" >\n\t\t\t\t\tLa terraza m\u00e1s elegante de Dubai Mall\t\t\t<\/h1>\n\t<\/div>\n\t\t\t\t<\/div>\n\t\t\t\t<\/div>\n\t\t\t\t<div class=\"elementor-element elementor-element-ebb7e9f elementor-widget elementor-widget-beurre_core_custom_font\" data-id=\"ebb7e9f\" data-element_type=\"widget\" data-widget_type=\"beurre_core_custom_font.default\">\n\t\t\t\t<div class=\"elementor-widget-container\">\n\t\t\t\t\t<p class=\"qodef-shortcode qodef-m qodef-custom-font qodef-custom-font-606 qodef-layout--simple\" style=\"font-family: Cormorant Infant;font-size: 25px;line-height: 40px;font-weight: 500\">La terraza de L'Avenue Dubai ofrece una de las vistas a las fuentes m\u00e1s impresionantes de toda la ciudad. Elevada en la segunda planta, ofrece una posici\u00f3n privilegiada con vistas a las fuentes de Dubai sin aglomeraciones.<\/p>\n\t\t\t\t<\/div>\n\t\t\t\t<\/div>\n\t\t\t\t<div class=\"elementor-element elementor-element-0653832 elementor-widget elementor-widget-beurre_core_separator\" data-id=\"0653832\" data-element_type=\"widget\" data-widget_type=\"beurre_core_separator.default\">\n\t\t\t\t<div class=\"elementor-widget-container\">\n\t\t\t\t\t<div class=\"qodef-shortcode qodef-m qodef-separator clear\">\n\t<div class=\"qodef-m-line\" style=\"border-color: #D0714D;width: 120px;border-bottom-width: 1px\"><\/div>\n<\/div>\n\t\t\t\t<\/div>\n\t\t\t\t<\/div>\n\t\t\t\t\t<\/div>\n\t\t<\/div>\n\t\t\t\t\t<\/div>\n\t\t<\/section>\n\t\t\t\t<section class=\"elementor-section elementor-top-section elementor-element elementor-element-d7428b0 elementor-section-full_width qodef-elementor-content-grid elementor-section-height-default elementor-section-height-default\" data-id=\"d7428b0\" data-element_type=\"section\">\n\t\t\t\t\t\t<div class=\"elementor-container elementor-column-gap-default\">\n\t\t\t\t\t<div class=\"elementor-column elementor-col-100 elementor-top-column elementor-element elementor-element-30941a9\" data-id=\"30941a9\" data-element_type=\"column\">\n\t\t\t<div class=\"elementor-widget-wrap elementor-element-populated\">\n\t\t\t\t\t\t<div class=\"elementor-element elementor-element-83bec20 elementor-widget elementor-widget-beurre_core_section_title\" data-id=\"83bec20\" data-element_type=\"widget\" data-widget_type=\"beurre_core_section_title.default\">\n\t\t\t\t<div class=\"elementor-widget-container\">\n\t\t\t\t\t<div class=\"qodef-shortcode qodef-m qodef-section-title qodef-alignment--left qodef-highlight-title\">\n\t\t\t<h4 class=\"qodef-m-title\" >\n\t\t\t\t\tUn escenario para cada momento\t\t\t<\/h4>\n\t<\/div>\n\t\t\t\t<\/div>\n\t\t\t\t<\/div>\n\t\t\t\t\t<\/div>\n\t\t<\/div>\n\t\t\t\t\t<\/div>\n\t\t<\/section>\n\t\t\t\t<section class=\"elementor-section elementor-top-section elementor-element elementor-element-35c8823 elementor-section-full_width qodef-elementor-content-grid elementor-section-height-default elementor-section-height-default\" data-id=\"35c8823\" data-element_type=\"section\">\n\t\t\t\t\t\t<div class=\"elementor-container elementor-column-gap-default\">\n\t\t\t\t\t<div class=\"elementor-column elementor-col-50 elementor-top-column elementor-element elementor-element-9e02a4d\" data-id=\"9e02a4d\" data-element_type=\"column\">\n\t\t\t<div class=\"elementor-widget-wrap elementor-element-populated\">\n\t\t\t\t\t\t<div class=\"elementor-element elementor-element-20735b9 elementor-widget elementor-widget-text-editor\" data-id=\"20735b9\" data-element_type=\"widget\" data-widget_type=\"text-editor.default\">\n\t\t\t\t\t\t\t\t\t<h6>Brillantes almuerzos diurnos con vistas resplandecientes<\/h6><h6>Momentos de aperitivo durante la hora dorada<\/h6><h6>Elegantes cenas nocturnas con el horizonte de Dubai brillando de fondo<\/h6><h6>Reuniones nocturnas en un ambiente relajado y lujoso<\/h6><h6>La terraza est\u00e1 dise\u00f1ada para hu\u00e9spedes que aprecian el estilo, la exclusividad y unas vistas inolvidables.<\/h6>\t\t\t\t\t\t\t\t<\/div>\n\t\t\t\t\t<\/div>\n\t\t<\/div>\n\t\t\t\t<div class=\"elementor-column elementor-col-50 elementor-top-column elementor-element elementor-element-27dd9b1\" data-id=\"27dd9b1\" data-element_type=\"column\">\n\t\t\t<div class=\"elementor-widget-wrap elementor-element-populated\">\n\t\t\t\t\t\t<div class=\"elementor-element elementor-element-8e9c0e5 elementor-widget__width-auto elementor-widget elementor-widget-beurre_core_image_with_text\" data-id=\"8e9c0e5\" data-element_type=\"widget\" data-widget_type=\"beurre_core_image_with_text.default\">\n\t\t\t\t<div class=\"elementor-widget-container\">\n\t\t\t\t\t<div class=\"qodef-shortcode qodef-m qodef-image-with-text qodef-layout--text-above qodef-radius--diagonal qodef--parallax\">\n\t<div class=\"qodef-m-content\">\n\t\t\t<\/div>\n\t<div class=\"qodef-m-image\">\n\t<div class=\"qodef-m-image-inner\">\n\t\t<div class=\"qodef-m-image-parallax\">\n\t\t\t\t\t\t\t<img fetchpriority=\"high\" decoding=\"async\" width=\"1920\" height=\"1280\" src=\"https:\/\/avenue-dubai.com\/wp-content\/uploads\/2025\/12\/restaurant-avenue-fountain-best-view-dubai-mall.jpg\" class=\"attachment-full size-full\" alt=\"\" srcset=\"https:\/\/avenue-dubai.com\/wp-content\/uploads\/2025\/12\/restaurant-avenue-fountain-best-view-dubai-mall.jpg 1920w, https:\/\/avenue-dubai.com\/wp-content\/uploads\/2025\/12\/restaurant-avenue-fountain-best-view-dubai-mall-300x200.jpg 300w, https:\/\/avenue-dubai.com\/wp-content\/uploads\/2025\/12\/restaurant-avenue-fountain-best-view-dubai-mall-1024x683.jpg 1024w, https:\/\/avenue-dubai.com\/wp-content\/uploads\/2025\/12\/restaurant-avenue-fountain-best-view-dubai-mall-768x512.jpg 768w, https:\/\/avenue-dubai.com\/wp-content\/uploads\/2025\/12\/restaurant-avenue-fountain-best-view-dubai-mall-1536x1024.jpg 1536w\" sizes=\"(max-width: 1920px) 100vw, 1920px\" \/>\t\t\t\t\t<\/div>\n\t<\/div>\n<\/div>\n<\/div>\n\t\t\t\t<\/div>\n\t\t\t\t<\/div>\n\t\t\t\t\t<\/div>\n\t\t<\/div>\n\t\t\t\t\t<\/div>\n\t\t<\/section>\n\t\t\t\t<section class=\"elementor-section elementor-top-section elementor-element elementor-element-4fd2afd elementor-section-full_width elementor-section-height-default elementor-section-height-default qodef-elementor-content-no\" data-id=\"4fd2afd\" data-element_type=\"section\" data-settings=\"{&quot;background_background&quot;:&quot;video&quot;,&quot;background_video_link&quot;:&quot;https:\\\/\\\/beurre.qodeinteractive.com\\\/wp-content\\\/uploads\\\/2022\\\/04\\\/Bistro-du-vin-video.mp4&quot;,&quot;background_play_on_mobile&quot;:&quot;yes&quot;}\">\n\t\t\t\t\t\t\t\t<div class=\"elementor-background-video-container\" aria-hidden=\"true\">\n\t\t\t\t\t\t\t\t\t\t\t\t\t<video class=\"elementor-background-video-hosted\" autoplay muted playsinline loop><\/video>\n\t\t\t\t\t\t\t\t\t\t\t<\/div>\n\t\t\t\t\t\t\t\t<div class=\"elementor-container elementor-column-gap-no\">\n\t\t\t\t\t<div class=\"elementor-column elementor-col-100 elementor-top-column elementor-element elementor-element-ed1c861\" data-id=\"ed1c861\" data-element_type=\"column\">\n\t\t\t<div class=\"elementor-widget-wrap elementor-element-populated\">\n\t\t\t\t\t\t\t<\/div>\n\t\t<\/div>\n\t\t\t\t\t<\/div>\n\t\t<\/section>\n\t\t\t\t<\/div>","protected":false},"excerpt":{"rendered":"<p>The Most Elegant Terrace in Dubai Mall The terrace at L\u2019Avenue Dubai offers one of the most impressive fountain views in the entire city. Elevated on the second floor, it provides a prime position overlooking the Dubai Fountains without the crowds. A Setting for Every Moment Bright daytime lunches with sparkling views Aperitif moments during [&hellip;]<\/p>","protected":false},"author":1,"featured_media":8125,"parent":0,"menu_order":0,"comment_status":"closed","ping_status":"closed","template":"page-full-width.php","meta":{"footnotes":""},"class_list":["post-7532","page","type-page","status-publish","has-post-thumbnail","hentry"],"yoast_head":"<!-- This site is optimized with the Yoast SEO plugin v26.8 - https:\/\/yoast.com\/product\/yoast-seo-wordpress\/ -->\n<title>The terrace - L&#039;Avenue Dubai Mall<\/title>\n<meta name=\"description\" content=\"The terrace at L\u2019Avenue Dubai offers one of the most impressive fountain views in the entire city. Elevated on the second floor, it provides a prime position overlooking the Dubai Fountains without the crowds.\" \/>\n<meta name=\"robots\" content=\"index, follow, max-snippet:-1, max-image-preview:large, max-video-preview:-1\" \/>\n<link rel=\"canonical\" href=\"https:\/\/avenue-dubai.com\/es\/the-terrace\/\" \/>\n<meta property=\"og:locale\" content=\"es_ES\" \/>\n<meta property=\"og:type\" content=\"article\" \/>\n<meta property=\"og:title\" content=\"The terrace - L&#039;Avenue Dubai Mall\" \/>\n<meta property=\"og:description\" content=\"The terrace at L\u2019Avenue Dubai offers one of the most impressive fountain views in the entire city. Elevated on the second floor, it provides a prime position overlooking the Dubai Fountains without the crowds.\" \/>\n<meta property=\"og:url\" content=\"https:\/\/avenue-dubai.com\/es\/the-terrace\/\" \/>\n<meta property=\"og:site_name\" content=\"L&#039;Avenue Dubai Mall\" \/>\n<meta property=\"article:modified_time\" content=\"2026-03-04T08:58:00+00:00\" \/>\n<meta property=\"og:image\" content=\"https:\/\/avenue-dubai.com\/wp-content\/uploads\/2026\/03\/terrace-restaurant-dubaimall-fashion-avenue.jpg\" \/>\n\t<meta property=\"og:image:width\" content=\"1920\" \/>\n\t<meta property=\"og:image:height\" content=\"1080\" \/>\n\t<meta property=\"og:image:type\" content=\"image\/jpeg\" \/>\n<meta name=\"twitter:card\" content=\"summary_large_image\" \/>\n<meta name=\"twitter:label1\" content=\"Tiempo de lectura\" \/>\n\t<meta name=\"twitter:data1\" content=\"1 minuto\" \/>\n<script type=\"application\/ld+json\" class=\"yoast-schema-graph\">{\"@context\":\"https:\/\/schema.org\",\"@graph\":[{\"@type\":\"WebPage\",\"@id\":\"https:\/\/avenue-dubai.com\/the-terrace\/\",\"url\":\"https:\/\/avenue-dubai.com\/the-terrace\/\",\"name\":\"The terrace - L&#039;Avenue Dubai Mall\",\"isPartOf\":{\"@id\":\"https:\/\/avenue-dubai.com\/#website\"},\"primaryImageOfPage\":{\"@id\":\"https:\/\/avenue-dubai.com\/the-terrace\/#primaryimage\"},\"image\":{\"@id\":\"https:\/\/avenue-dubai.com\/the-terrace\/#primaryimage\"},\"thumbnailUrl\":\"https:\/\/avenue-dubai.com\/wp-content\/uploads\/2026\/03\/terrace-restaurant-dubaimall-fashion-avenue.jpg\",\"datePublished\":\"2025-12-18T09:20:16+00:00\",\"dateModified\":\"2026-03-04T08:58:00+00:00\",\"description\":\"The terrace at L\u2019Avenue Dubai offers one of the most impressive fountain views in the entire city. Elevated on the second floor, it provides a prime position overlooking the Dubai Fountains without the crowds.\",\"breadcrumb\":{\"@id\":\"https:\/\/avenue-dubai.com\/the-terrace\/#breadcrumb\"},\"inLanguage\":\"es\",\"potentialAction\":[{\"@type\":\"ReadAction\",\"target\":[\"https:\/\/avenue-dubai.com\/the-terrace\/\"]}]},{\"@type\":\"ImageObject\",\"inLanguage\":\"es\",\"@id\":\"https:\/\/avenue-dubai.com\/the-terrace\/#primaryimage\",\"url\":\"https:\/\/avenue-dubai.com\/wp-content\/uploads\/2026\/03\/terrace-restaurant-dubaimall-fashion-avenue.jpg\",\"contentUrl\":\"https:\/\/avenue-dubai.com\/wp-content\/uploads\/2026\/03\/terrace-restaurant-dubaimall-fashion-avenue.jpg\",\"width\":1920,\"height\":1080},{\"@type\":\"BreadcrumbList\",\"@id\":\"https:\/\/avenue-dubai.com\/the-terrace\/#breadcrumb\",\"itemListElement\":[{\"@type\":\"ListItem\",\"position\":1,\"name\":\"Home\",\"item\":\"https:\/\/avenue-dubai.com\/\"},{\"@type\":\"ListItem\",\"position\":2,\"name\":\"The terrace\"}]},{\"@type\":\"WebSite\",\"@id\":\"https:\/\/avenue-dubai.com\/#website\",\"url\":\"https:\/\/avenue-dubai.com\/\",\"name\":\"L'Avenue Dubai Mall\",\"description\":\"L&#039;avenue restaurant by Costes at Dubai Mall, fountain view\",\"publisher\":{\"@id\":\"https:\/\/avenue-dubai.com\/#organization\"},\"potentialAction\":[{\"@type\":\"SearchAction\",\"target\":{\"@type\":\"EntryPoint\",\"urlTemplate\":\"https:\/\/avenue-dubai.com\/?s={search_term_string}\"},\"query-input\":{\"@type\":\"PropertyValueSpecification\",\"valueRequired\":true,\"valueName\":\"search_term_string\"}}],\"inLanguage\":\"es\"},{\"@type\":\"Organization\",\"@id\":\"https:\/\/avenue-dubai.com\/#organization\",\"name\":\"L'Avenue Dubai Mall\",\"url\":\"https:\/\/avenue-dubai.com\/\",\"logo\":{\"@type\":\"ImageObject\",\"inLanguage\":\"es\",\"@id\":\"https:\/\/avenue-dubai.com\/#\/schema\/logo\/image\/\",\"url\":\"https:\/\/avenue-dubai.com\/wp-content\/uploads\/2025\/12\/Avenue-dubaimall-dark.png\",\"contentUrl\":\"https:\/\/avenue-dubai.com\/wp-content\/uploads\/2025\/12\/Avenue-dubaimall-dark.png\",\"width\":1037,\"height\":232,\"caption\":\"L'Avenue Dubai Mall\"},\"image\":{\"@id\":\"https:\/\/avenue-dubai.com\/#\/schema\/logo\/image\/\"}}]}<\/script>\n<!-- \/ Yoast SEO plugin. -->","yoast_head_json":{"title":"The terrace - L&#039;Avenue Dubai Mall","description":"La terraza de L'Avenue Dubai ofrece una de las vistas a las fuentes m\u00e1s impresionantes de toda la ciudad. Elevada en la segunda planta, ofrece una posici\u00f3n privilegiada con vistas a las fuentes de Dubai sin aglomeraciones.","robots":{"index":"index","follow":"follow","max-snippet":"max-snippet:-1","max-image-preview":"max-image-preview:large","max-video-preview":"max-video-preview:-1"},"canonical":"https:\/\/avenue-dubai.com\/es\/the-terrace\/","og_locale":"es_ES","og_type":"article","og_title":"The terrace - L&#039;Avenue Dubai Mall","og_description":"The terrace at L\u2019Avenue Dubai offers one of the most impressive fountain views in the entire city. Elevated on the second floor, it provides a prime position overlooking the Dubai Fountains without the crowds.","og_url":"https:\/\/avenue-dubai.com\/es\/the-terrace\/","og_site_name":"L&#039;Avenue Dubai Mall","article_modified_time":"2026-03-04T08:58:00+00:00","og_image":[{"width":1920,"height":1080,"url":"https:\/\/avenue-dubai.com\/wp-content\/uploads\/2026\/03\/terrace-restaurant-dubaimall-fashion-avenue.jpg","type":"image\/jpeg"}],"twitter_card":"summary_large_image","twitter_misc":{"Tiempo de lectura":"1 minuto"},"schema":{"@context":"https:\/\/schema.org","@graph":[{"@type":"WebPage","@id":"https:\/\/avenue-dubai.com\/the-terrace\/","url":"https:\/\/avenue-dubai.com\/the-terrace\/","name":"The terrace - L&#039;Avenue Dubai Mall","isPartOf":{"@id":"https:\/\/avenue-dubai.com\/#website"},"primaryImageOfPage":{"@id":"https:\/\/avenue-dubai.com\/the-terrace\/#primaryimage"},"image":{"@id":"https:\/\/avenue-dubai.com\/the-terrace\/#primaryimage"},"thumbnailUrl":"https:\/\/avenue-dubai.com\/wp-content\/uploads\/2026\/03\/terrace-restaurant-dubaimall-fashion-avenue.jpg","datePublished":"2025-12-18T09:20:16+00:00","dateModified":"2026-03-04T08:58:00+00:00","description":"La terraza de L'Avenue Dubai ofrece una de las vistas a las fuentes m\u00e1s impresionantes de toda la ciudad. Elevada en la segunda planta, ofrece una posici\u00f3n privilegiada con vistas a las fuentes de Dubai sin aglomeraciones.","breadcrumb":{"@id":"https:\/\/avenue-dubai.com\/the-terrace\/#breadcrumb"},"inLanguage":"es","potentialAction":[{"@type":"ReadAction","target":["https:\/\/avenue-dubai.com\/the-terrace\/"]}]},{"@type":"ImageObject","inLanguage":"es","@id":"https:\/\/avenue-dubai.com\/the-terrace\/#primaryimage","url":"https:\/\/avenue-dubai.com\/wp-content\/uploads\/2026\/03\/terrace-restaurant-dubaimall-fashion-avenue.jpg","contentUrl":"https:\/\/avenue-dubai.com\/wp-content\/uploads\/2026\/03\/terrace-restaurant-dubaimall-fashion-avenue.jpg","width":1920,"height":1080},{"@type":"BreadcrumbList","@id":"https:\/\/avenue-dubai.com\/the-terrace\/#breadcrumb","itemListElement":[{"@type":"ListItem","position":1,"name":"Home","item":"https:\/\/avenue-dubai.com\/"},{"@type":"ListItem","position":2,"name":"The terrace"}]},{"@type":"WebSite","@id":"https:\/\/avenue-dubai.com\/#website","url":"https:\/\/avenue-dubai.com\/","name":"L'Avenue Dubai Mall","description":"Restaurante L'avenue de Costes en Dubai Mall, vista a la fuente","publisher":{"@id":"https:\/\/avenue-dubai.com\/#organization"},"potentialAction":[{"@type":"SearchAction","target":{"@type":"EntryPoint","urlTemplate":"https:\/\/avenue-dubai.com\/?s={search_term_string}"},"query-input":{"@type":"PropertyValueSpecification","valueRequired":true,"valueName":"search_term_string"}}],"inLanguage":"es"},{"@type":"Organization","@id":"https:\/\/avenue-dubai.com\/#organization","name":"L'Avenue Dubai Mall","url":"https:\/\/avenue-dubai.com\/","logo":{"@type":"ImageObject","inLanguage":"es","@id":"https:\/\/avenue-dubai.com\/#\/schema\/logo\/image\/","url":"https:\/\/avenue-dubai.com\/wp-content\/uploads\/2025\/12\/Avenue-dubaimall-dark.png","contentUrl":"https:\/\/avenue-dubai.com\/wp-content\/uploads\/2025\/12\/Avenue-dubaimall-dark.png","width":1037,"height":232,"caption":"L'Avenue Dubai Mall"},"image":{"@id":"https:\/\/avenue-dubai.com\/#\/schema\/logo\/image\/"}}]}},"_links":{"self":[{"href":"https:\/\/avenue-dubai.com\/es\/wp-json\/wp\/v2\/pages\/7532","targetHints":{"allow":["GET"]}}],"collection":[{"href":"https:\/\/avenue-dubai.com\/es\/wp-json\/wp\/v2\/pages"}],"about":[{"href":"https:\/\/avenue-dubai.com\/es\/wp-json\/wp\/v2\/types\/page"}],"author":[{"embeddable":true,"href":"https:\/\/avenue-dubai.com\/es\/wp-json\/wp\/v2\/users\/1"}],"replies":[{"embeddable":true,"href":"https:\/\/avenue-dubai.com\/es\/wp-json\/wp\/v2\/comments?post=7532"}],"version-history":[{"count":22,"href":"https:\/\/avenue-dubai.com\/es\/wp-json\/wp\/v2\/pages\/7532\/revisions"}],"predecessor-version":[{"id":8166,"href":"https:\/\/avenue-dubai.com\/es\/wp-json\/wp\/v2\/pages\/7532\/revisions\/8166"}],"wp:featuredmedia":[{"embeddable":true,"href":"https:\/\/avenue-dubai.com\/es\/wp-json\/wp\/v2\/media\/8125"}],"wp:attachment":[{"href":"https:\/\/avenue-dubai.com\/es\/wp-json\/wp\/v2\/media?parent=7532"}],"curies":[{"name":"wp","href":"https:\/\/api.w.org\/{rel}","templated":true}]}}