{"id":3,"date":"2025-08-26T22:46:00","date_gmt":"2025-08-26T22:46:00","guid":{"rendered":"http:\/\/avenue-dubai.com\/?page_id=3"},"modified":"2026-02-11T12:17:59","modified_gmt":"2026-02-11T12:17:59","slug":"privacy-policy-2","status":"publish","type":"page","link":"https:\/\/avenue-dubai.com\/es\/privacy-policy-2\/","title":{"rendered":"Pol\u00edtica de privacidad"},"content":{"rendered":"<h5 class=\"wp-block-heading\" data-start=\"322\" data-end=\"361\"><strong data-start=\"324\" data-end=\"359\">Pol\u00edtica de privacidad - L'Avenue Dubai<\/strong><\/h5>\n<p data-start=\"362\" data-end=\"396\"><strong data-start=\"362\" data-end=\"396\">\u00daltima actualizaci\u00f3n: 11 de febrero de 2026<\/strong><\/p>\n<h6 data-start=\"398\" data-end=\"420\"><strong data-start=\"401\" data-end=\"420\">1. Introducci\u00f3n<\/strong><\/h6>\n<p data-start=\"422\" data-end=\"672\">En <strong data-start=\"425\" data-end=\"466\">L'Avenue Restaurant LLC<\/strong> (\u201cla Empresa\u201d), valoramos su privacidad y la seguridad de sus datos personales. Esta Pol\u00edtica de Privacidad explica qu\u00e9 datos recogemos, c\u00f3mo los utilizamos y los derechos que tiene en relaci\u00f3n con su informaci\u00f3n personal.<\/p>\n<p data-start=\"674\" data-end=\"840\">Esta pol\u00edtica de privacidad se aplica \u00fanicamente a <strong data-start=\"710\" data-end=\"734\"><a href=\"https:\/\/avenue-dubai.com\/es\/\" target=\"_new\" rel=\"noopener\" data-start=\"712\" data-end=\"732\">www.avenue-dubai.com<\/a><\/strong> (nuestro sitio web).<br data-start=\"749\" data-end=\"752\" \/>Si no est\u00e1 de acuerdo con esta Pol\u00edtica de Privacidad, le rogamos que deje de utilizar nuestro Sitio Web.<\/p>\n<hr data-start=\"842\" data-end=\"845\" \/>\n<h6 data-start=\"847\" data-end=\"880\"><strong data-start=\"850\" data-end=\"880\">2. Enlaces a otros sitios web<\/strong><\/h6>\n<p data-start=\"882\" data-end=\"1155\">Nuestro sitio web puede contener enlaces a sitios web de terceros. Esta Pol\u00edtica de Privacidad no se aplica a estos sitios externos.<br data-start=\"996\" data-end=\"999\" \/>No somos responsables de las pr\u00e1cticas de privacidad de terceros. Recomendamos revisar sus pol\u00edticas de privacidad antes de compartir datos personales con ellos.<\/p>\n<hr data-start=\"1157\" data-end=\"1160\" \/>\n<h6 data-start=\"1162\" data-end=\"1187\"><strong data-start=\"1165\" data-end=\"1187\">3. Datos que recopilamos<\/strong><\/h6>\n<p data-start=\"1189\" data-end=\"1313\">Al interactuar con nuestro sitio web registr\u00e1ndose, suscribi\u00e9ndose, reservando o poni\u00e9ndose en contacto con nosotros, puede facilitarnos datos personales como:<\/p>\n<p data-start=\"1317\" data-end=\"1340\">Nombre, apellidos<\/p>\n<p data-start=\"1343\" data-end=\"1358\">Direcci\u00f3n de correo electr\u00f3nico<\/p>\n<p data-start=\"1361\" data-end=\"1375\">N\u00famero de tel\u00e9fono<\/p>\n<p data-start=\"1378\" data-end=\"1403\">Informaci\u00f3n sobre reservas<\/p>\n<p data-start=\"1406\" data-end=\"1478\">Direcci\u00f3n IP (recopilada autom\u00e1ticamente por motivos de seguridad y cumplimiento de la legislaci\u00f3n)<\/p>\n<p data-start=\"1481\" data-end=\"1543\">Informaci\u00f3n enviada a trav\u00e9s de nuestros formularios de contacto o enlace de WhatsApp<\/p>\n<p data-start=\"1546\" data-end=\"1587\">Cualquier dato que comparta voluntariamente con nosotros<\/p>\n<p data-start=\"1589\" data-end=\"1675\">Si se habilitan las compras en l\u00ednea o las reservas que requieren pago, tambi\u00e9n puede proporcionar:<\/p>\n<p data-start=\"1678\" data-end=\"1687\">Direcci\u00f3n<\/p>\n<p data-start=\"1690\" data-end=\"1707\">Datos de facturaci\u00f3n<\/p>\n<p data-start=\"1710\" data-end=\"1762\">Tarjeta de cr\u00e9dito o datos bancarios (procesados de forma segura)<\/p>\n<hr data-start=\"1764\" data-end=\"1767\" \/>\n<h6 data-start=\"1769\" data-end=\"1799\"><strong data-start=\"1772\" data-end=\"1799\">4. C\u00f3mo utilizamos sus datos<\/strong><\/h6>\n<p data-start=\"1801\" data-end=\"1832\">Utilizamos los datos que nos proporciona para:<\/p>\n<p data-start=\"1836\" data-end=\"1888\">Cree y gestione su perfil de usuario o reserva<\/p>\n<p data-start=\"1891\" data-end=\"1941\">Tramitar reservas y prestar servicios de restauraci\u00f3n<\/p>\n<p data-start=\"1944\" data-end=\"2000\">Ponernos en contacto con usted en relaci\u00f3n con reservas o atenci\u00f3n al cliente<\/p>\n<p data-start=\"2003\" data-end=\"2043\">Mejorar la experiencia del usuario en nuestro sitio web<\/p>\n<p data-start=\"2046\" data-end=\"2117\">Enviar boletines o comunicaciones de marketing (s\u00f3lo con su consentimiento)<\/p>\n<p data-start=\"2120\" data-end=\"2161\">Emitir facturas o confirmaciones de pago<\/p>\n<p data-start=\"2164\" data-end=\"2209\">Cumplir las obligaciones legales impuestas por la legislaci\u00f3n de los EAU<\/p>\n<p data-start=\"2211\" data-end=\"2348\">La base jur\u00eddica para el tratamiento incluye su consentimiento, la ejecuci\u00f3n de un contrato, el cumplimiento de la ley y nuestros intereses comerciales leg\u00edtimos.<\/p>\n<p data-start=\"2350\" data-end=\"2483\">Su direcci\u00f3n IP se almacena \u00fanicamente para cumplir la normativa aplicable de los EAU en materia de comunicaciones electr\u00f3nicas y seguridad de la plataforma.<\/p>\n<hr data-start=\"2485\" data-end=\"2488\" \/>\n<h6 data-start=\"2490\" data-end=\"2526\"><strong data-start=\"2493\" data-end=\"2526\">5. Cu\u00e1nto tiempo conservamos sus datos<\/strong><\/h6>\n<ul data-start=\"2528\" data-end=\"2869\">\n<li data-start=\"2528\" data-end=\"2654\">\n<p data-start=\"2530\" data-end=\"2654\"><strong data-start=\"2530\" data-end=\"2562\">Datos de la cuenta o de la reserva:<\/strong> se conservar\u00e1n mientras su perfil permanezca activo o mientras sea necesario por motivos operativos o legales.<\/p>\n<\/li>\n<li data-start=\"2655\" data-end=\"2716\">\n<p data-start=\"2657\" data-end=\"2716\"><strong data-start=\"2657\" data-end=\"2686\">Suscripciones a boletines:<\/strong> hasta que se d\u00e9 de baja.<\/p>\n<\/li>\n<li data-start=\"2717\" data-end=\"2757\">\n<p data-start=\"2719\" data-end=\"2757\"><strong data-start=\"2719\" data-end=\"2736\">Direcciones IP:<\/strong> almacenado durante 1 a\u00f1o.<\/p>\n<\/li>\n<li data-start=\"2758\" data-end=\"2869\">\n<p data-start=\"2760\" data-end=\"2869\"><strong data-start=\"2760\" data-end=\"2788\">Datos de pago o facturaci\u00f3n:<\/strong> almacenados durante el tiempo exigido por las obligaciones de mantenimiento de registros financieros de los EAU.<\/p>\n<\/li>\n<\/ul>\n<hr data-start=\"2871\" data-end=\"2874\" \/>\n<h6 data-start=\"2876\" data-end=\"2906\"><strong data-start=\"2879\" data-end=\"2906\">6. Compartir sus datos<\/strong><\/h6>\n<p data-start=\"2908\" data-end=\"2981\">Lo hacemos <strong data-start=\"2914\" data-end=\"2921\">no<\/strong> vender o compartir sus datos personales con terceros, excepto:<\/p>\n<ul data-start=\"2983\" data-end=\"3229\">\n<li data-start=\"2983\" data-end=\"3076\">\n<p data-start=\"2985\" data-end=\"3076\">Cuando se requiera para cumplir con solicitudes vinculantes de autoridades, tribunales o reguladores de los EAU.<\/p>\n<\/li>\n<li data-start=\"3077\" data-end=\"3229\">\n<p data-start=\"3079\" data-end=\"3229\">Cuando sea necesario para proveedores de servicios que realicen tareas operativas en nuestro nombre (TI, alojamiento, procesadores de pagos), en virtud de obligaciones de confidencialidad.<\/p>\n<\/li>\n<\/ul>\n<hr data-start=\"3231\" data-end=\"3234\" \/>\n<h6 data-start=\"3236\" data-end=\"3253\"><strong data-start=\"3239\" data-end=\"3253\">7. Cookies<\/strong><\/h6>\n<p data-start=\"3255\" data-end=\"3430\">Las cookies son peque\u00f1os archivos de texto que se utilizan para mejorar su experiencia.<br data-start=\"3316\" data-end=\"3319\" \/>S\u00f3lo utilizamos las cookies necesarias para las preferencias de idioma, las mejoras de la interfaz de usuario y la funcionalidad del sitio web.<\/p>\n<p data-start=\"3432\" data-end=\"3555\">Puede gestionar o desactivar las cookies a trav\u00e9s de la configuraci\u00f3n de su navegador; sin embargo, algunas funciones pueden no funcionar correctamente sin ellas.<\/p>\n<hr data-start=\"3557\" data-end=\"3560\" \/>\n<h6 data-start=\"3562\" data-end=\"3581\"><strong data-start=\"3565\" data-end=\"3581\">8. L\u00edmite de edad<\/strong><\/h6>\n<p data-start=\"3583\" data-end=\"3741\">Nuestro sitio web est\u00e1 destinado a usuarios de <strong data-start=\"3622\" data-end=\"3638\">18 a\u00f1os y m\u00e1s<\/strong>.<br data-start=\"3639\" data-end=\"3642\" \/>Si tenemos conocimiento de que se han recogido datos personales de un menor de 18 a\u00f1os, los eliminaremos inmediatamente.<\/p>\n<hr data-start=\"3743\" data-end=\"3746\" \/>\n<h6 data-start=\"3748\" data-end=\"3793\"><strong data-start=\"3751\" data-end=\"3793\">9. Sus derechos en relaci\u00f3n con los datos personales<\/strong><\/h6>\n<p data-start=\"3795\" data-end=\"3871\">Para ejercer sus derechos, puede ponerse en contacto con nosotros en <strong data-start=\"3843\" data-end=\"3871\"><a rel=\"noopener\" data-start=\"3845\" data-end=\"3869\">contact@avenue-dubai.com<\/a><\/strong><\/p>\n<p data-start=\"3873\" data-end=\"3893\">Sus derechos incluyen:<\/p>\n<p data-start=\"3897\" data-end=\"3958\">Derecho a saber si se est\u00e1n tratando sus datos personales<\/p>\n<p data-start=\"3961\" data-end=\"4018\">Derecho a solicitar acceso o copias de sus datos personales<\/p>\n<p data-start=\"4021\" data-end=\"4082\">Derecho a solicitar la correcci\u00f3n de datos incompletos o incorrectos<\/p>\n<p data-start=\"4085\" data-end=\"4134\">Derecho a solicitar la supresi\u00f3n de sus datos personales<\/p>\n<p data-start=\"4137\" data-end=\"4192\">Derecho a saber a qui\u00e9n se han transferido sus datos<\/p>\n<p data-start=\"4195\" data-end=\"4235\">Derecho a limitar u oponerse al tratamiento<\/p>\n<p data-start=\"4238\" data-end=\"4273\">Derecho a solicitar la portabilidad de los datos<\/p>\n<p data-start=\"4276\" data-end=\"4322\">Derecho de oposici\u00f3n a la toma de decisiones automatizada<\/p>\n<p data-start=\"4325\" data-end=\"4383\">Derecho a reclamar una indemnizaci\u00f3n en caso de tratamiento il\u00edcito<\/p>\n<hr data-start=\"4385\" data-end=\"4388\" \/>\n<h6 data-start=\"4390\" data-end=\"4420\"><strong data-start=\"4393\" data-end=\"4420\">10. Informaci\u00f3n de contacto<\/strong><\/h6>\n<p data-start=\"4422\" data-end=\"4740\"><strong data-start=\"4422\" data-end=\"4463\">L'Avenue Restaurant LLC<\/strong><br data-start=\"4463\" data-end=\"4466\" \/>Ubicaci\u00f3n: <strong data-start=\"4476\" data-end=\"4545\">2\u00aa planta, Fashion Avenue - The Dubai Mall<\/strong><br data-start=\"4545\" data-end=\"4548\" \/>Tel\u00e9fono: <strong data-start=\"4555\" data-end=\"4570\">04 393 3997<\/strong><br data-start=\"4570\" data-end=\"4573\" \/>WhatsApp: <strong data-start=\"4583\" data-end=\"4603\">+971 56 162 1040<\/strong><br data-start=\"4603\" data-end=\"4606\" \/>Correo electr\u00f3nico: <strong data-start=\"4613\" data-end=\"4641\"><a rel=\"noopener\" data-start=\"4615\" data-end=\"4639\">contact@avenue-dubai.com<\/a><\/strong><br data-start=\"4641\" data-end=\"4644\" \/>P\u00e1gina web: <strong data-start=\"4653\" data-end=\"4677\"><a href=\"https:\/\/avenue-dubai.com\/es\/\" target=\"_new\" rel=\"noopener\" data-start=\"4655\" data-end=\"4675\">www.avenue-dubai.com<\/a><\/strong><br data-start=\"4677\" data-end=\"4680\" \/>Horario de apertura: <strong data-start=\"4695\" data-end=\"4740\">10:00 am - 01:00 am (\u00daltimo pedido 23:30 pm)<\/strong><\/p>\n<p data-start=\"4742\" data-end=\"4878\">Pol\u00edtica de reservas: las reservas se mantienen para <strong data-start=\"4784\" data-end=\"4798\">15 minutos<\/strong> despu\u00e9s de la hora prevista.<br data-start=\"4825\" data-end=\"4828\" \/>Una vez transcurrido el periodo de gracia, la mesa podr\u00e1 ser liberada.<\/p>\n<hr data-start=\"4880\" data-end=\"4883\" \/>\n<h6 data-start=\"4885\" data-end=\"4925\"><strong data-start=\"4888\" data-end=\"4925\">11. Cambios en nuestra pol\u00edtica de privacidad<\/strong><\/h6>\n<p data-start=\"4927\" data-end=\"5060\">Podemos actualizar esta Pol\u00edtica de Privacidad en cualquier momento.<br data-start=\"4973\" data-end=\"4976\" \/>Los cambios importantes se comunicar\u00e1n en nuestro sitio web o mediante notificaci\u00f3n directa.<\/p>\n<hr data-start=\"5062\" data-end=\"5065\" \/>\n<p data-start=\"5067\" data-end=\"5205\" data-is-last-node=\"\" data-is-only-node=\"\">\u00a0<\/p>","protected":false},"excerpt":{"rendered":"<p>Privacy Policy \u2013 L\u2019Avenue Dubai Last updated: 11 February 2026 1. Introduction As L&#8217;Avenue Restaurant LLC (\u201cthe Company\u201d), we value your privacy and the security of your personal data. This Privacy Policy explains what data we collect, how we use it, and the rights you have regarding your personal information. This Privacy Policy applies only [&hellip;]<\/p>","protected":false},"author":1,"featured_media":0,"parent":0,"menu_order":0,"comment_status":"closed","ping_status":"open","template":"","meta":{"footnotes":""},"class_list":["post-3","page","type-page","status-publish","hentry"],"yoast_head":"<!-- This site is optimized with the Yoast SEO plugin v26.8 - https:\/\/yoast.com\/product\/yoast-seo-wordpress\/ -->\n<title>Privacy Policy - L&#039;Avenue Dubai Mall<\/title>\n<meta name=\"robots\" content=\"index, follow, max-snippet:-1, max-image-preview:large, max-video-preview:-1\" \/>\n<link rel=\"canonical\" href=\"https:\/\/avenue-dubai.com\/es\/privacy-policy-2\/\" \/>\n<meta property=\"og:locale\" content=\"es_ES\" \/>\n<meta property=\"og:type\" content=\"article\" \/>\n<meta property=\"og:title\" content=\"Privacy Policy - L&#039;Avenue Dubai Mall\" \/>\n<meta property=\"og:description\" content=\"Privacy Policy \u2013 L\u2019Avenue Dubai Last updated: 11 February 2026 1. Introduction As L&#8217;Avenue Restaurant LLC (\u201cthe Company\u201d), we value your privacy and the security of your personal data. This Privacy Policy explains what data we collect, how we use it, and the rights you have regarding your personal information. This Privacy Policy applies only [&hellip;]\" \/>\n<meta property=\"og:url\" content=\"https:\/\/avenue-dubai.com\/es\/privacy-policy-2\/\" \/>\n<meta property=\"og:site_name\" content=\"L&#039;Avenue Dubai Mall\" \/>\n<meta property=\"article:modified_time\" content=\"2026-02-11T12:17:59+00:00\" \/>\n<meta name=\"twitter:card\" content=\"summary_large_image\" \/>\n<meta name=\"twitter:label1\" content=\"Tiempo de lectura\" \/>\n\t<meta name=\"twitter:data1\" content=\"4 minutos\" \/>\n<script type=\"application\/ld+json\" class=\"yoast-schema-graph\">{\"@context\":\"https:\/\/schema.org\",\"@graph\":[{\"@type\":\"WebPage\",\"@id\":\"https:\/\/avenue-dubai.com\/privacy-policy-2\/\",\"url\":\"https:\/\/avenue-dubai.com\/privacy-policy-2\/\",\"name\":\"Privacy Policy - L&#039;Avenue Dubai Mall\",\"isPartOf\":{\"@id\":\"https:\/\/avenue-dubai.com\/#website\"},\"datePublished\":\"2025-08-26T22:46:00+00:00\",\"dateModified\":\"2026-02-11T12:17:59+00:00\",\"breadcrumb\":{\"@id\":\"https:\/\/avenue-dubai.com\/privacy-policy-2\/#breadcrumb\"},\"inLanguage\":\"es\",\"potentialAction\":[{\"@type\":\"ReadAction\",\"target\":[\"https:\/\/avenue-dubai.com\/privacy-policy-2\/\"]}]},{\"@type\":\"BreadcrumbList\",\"@id\":\"https:\/\/avenue-dubai.com\/privacy-policy-2\/#breadcrumb\",\"itemListElement\":[{\"@type\":\"ListItem\",\"position\":1,\"name\":\"Home\",\"item\":\"https:\/\/avenue-dubai.com\/\"},{\"@type\":\"ListItem\",\"position\":2,\"name\":\"Privacy Policy\"}]},{\"@type\":\"WebSite\",\"@id\":\"https:\/\/avenue-dubai.com\/#website\",\"url\":\"https:\/\/avenue-dubai.com\/\",\"name\":\"L'Avenue Dubai Mall\",\"description\":\"L&#039;avenue restaurant by Costes at Dubai Mall, fountain view\",\"publisher\":{\"@id\":\"https:\/\/avenue-dubai.com\/#organization\"},\"potentialAction\":[{\"@type\":\"SearchAction\",\"target\":{\"@type\":\"EntryPoint\",\"urlTemplate\":\"https:\/\/avenue-dubai.com\/?s={search_term_string}\"},\"query-input\":{\"@type\":\"PropertyValueSpecification\",\"valueRequired\":true,\"valueName\":\"search_term_string\"}}],\"inLanguage\":\"es\"},{\"@type\":\"Organization\",\"@id\":\"https:\/\/avenue-dubai.com\/#organization\",\"name\":\"L'Avenue Dubai Mall\",\"url\":\"https:\/\/avenue-dubai.com\/\",\"logo\":{\"@type\":\"ImageObject\",\"inLanguage\":\"es\",\"@id\":\"https:\/\/avenue-dubai.com\/#\/schema\/logo\/image\/\",\"url\":\"https:\/\/avenue-dubai.com\/wp-content\/uploads\/2025\/12\/Avenue-dubaimall-dark.png\",\"contentUrl\":\"https:\/\/avenue-dubai.com\/wp-content\/uploads\/2025\/12\/Avenue-dubaimall-dark.png\",\"width\":1037,\"height\":232,\"caption\":\"L'Avenue Dubai Mall\"},\"image\":{\"@id\":\"https:\/\/avenue-dubai.com\/#\/schema\/logo\/image\/\"}}]}<\/script>\n<!-- \/ Yoast SEO plugin. -->","yoast_head_json":{"title":"Privacy Policy - L&#039;Avenue Dubai Mall","robots":{"index":"index","follow":"follow","max-snippet":"max-snippet:-1","max-image-preview":"max-image-preview:large","max-video-preview":"max-video-preview:-1"},"canonical":"https:\/\/avenue-dubai.com\/es\/privacy-policy-2\/","og_locale":"es_ES","og_type":"article","og_title":"Privacy Policy - L&#039;Avenue Dubai Mall","og_description":"Privacy Policy \u2013 L\u2019Avenue Dubai Last updated: 11 February 2026 1. Introduction As L&#8217;Avenue Restaurant LLC (\u201cthe Company\u201d), we value your privacy and the security of your personal data. This Privacy Policy explains what data we collect, how we use it, and the rights you have regarding your personal information. This Privacy Policy applies only [&hellip;]","og_url":"https:\/\/avenue-dubai.com\/es\/privacy-policy-2\/","og_site_name":"L&#039;Avenue Dubai Mall","article_modified_time":"2026-02-11T12:17:59+00:00","twitter_card":"summary_large_image","twitter_misc":{"Tiempo de lectura":"4 minutos"},"schema":{"@context":"https:\/\/schema.org","@graph":[{"@type":"WebPage","@id":"https:\/\/avenue-dubai.com\/privacy-policy-2\/","url":"https:\/\/avenue-dubai.com\/privacy-policy-2\/","name":"Privacy Policy - L&#039;Avenue Dubai Mall","isPartOf":{"@id":"https:\/\/avenue-dubai.com\/#website"},"datePublished":"2025-08-26T22:46:00+00:00","dateModified":"2026-02-11T12:17:59+00:00","breadcrumb":{"@id":"https:\/\/avenue-dubai.com\/privacy-policy-2\/#breadcrumb"},"inLanguage":"es","potentialAction":[{"@type":"ReadAction","target":["https:\/\/avenue-dubai.com\/privacy-policy-2\/"]}]},{"@type":"BreadcrumbList","@id":"https:\/\/avenue-dubai.com\/privacy-policy-2\/#breadcrumb","itemListElement":[{"@type":"ListItem","position":1,"name":"Home","item":"https:\/\/avenue-dubai.com\/"},{"@type":"ListItem","position":2,"name":"Privacy Policy"}]},{"@type":"WebSite","@id":"https:\/\/avenue-dubai.com\/#website","url":"https:\/\/avenue-dubai.com\/","name":"L'Avenue Dubai Mall","description":"Restaurante L'avenue de Costes en Dubai Mall, vista a la fuente","publisher":{"@id":"https:\/\/avenue-dubai.com\/#organization"},"potentialAction":[{"@type":"SearchAction","target":{"@type":"EntryPoint","urlTemplate":"https:\/\/avenue-dubai.com\/?s={search_term_string}"},"query-input":{"@type":"PropertyValueSpecification","valueRequired":true,"valueName":"search_term_string"}}],"inLanguage":"es"},{"@type":"Organization","@id":"https:\/\/avenue-dubai.com\/#organization","name":"L'Avenue Dubai Mall","url":"https:\/\/avenue-dubai.com\/","logo":{"@type":"ImageObject","inLanguage":"es","@id":"https:\/\/avenue-dubai.com\/#\/schema\/logo\/image\/","url":"https:\/\/avenue-dubai.com\/wp-content\/uploads\/2025\/12\/Avenue-dubaimall-dark.png","contentUrl":"https:\/\/avenue-dubai.com\/wp-content\/uploads\/2025\/12\/Avenue-dubaimall-dark.png","width":1037,"height":232,"caption":"L'Avenue Dubai Mall"},"image":{"@id":"https:\/\/avenue-dubai.com\/#\/schema\/logo\/image\/"}}]}},"_links":{"self":[{"href":"https:\/\/avenue-dubai.com\/es\/wp-json\/wp\/v2\/pages\/3","targetHints":{"allow":["GET"]}}],"collection":[{"href":"https:\/\/avenue-dubai.com\/es\/wp-json\/wp\/v2\/pages"}],"about":[{"href":"https:\/\/avenue-dubai.com\/es\/wp-json\/wp\/v2\/types\/page"}],"author":[{"embeddable":true,"href":"https:\/\/avenue-dubai.com\/es\/wp-json\/wp\/v2\/users\/1"}],"replies":[{"embeddable":true,"href":"https:\/\/avenue-dubai.com\/es\/wp-json\/wp\/v2\/comments?post=3"}],"version-history":[{"count":7,"href":"https:\/\/avenue-dubai.com\/es\/wp-json\/wp\/v2\/pages\/3\/revisions"}],"predecessor-version":[{"id":8008,"href":"https:\/\/avenue-dubai.com\/es\/wp-json\/wp\/v2\/pages\/3\/revisions\/8008"}],"wp:attachment":[{"href":"https:\/\/avenue-dubai.com\/es\/wp-json\/wp\/v2\/media?parent=3"}],"curies":[{"name":"wp","href":"https:\/\/api.w.org\/{rel}","templated":true}]}}